{"id":148398,"date":"2024-09-29T12:38:23","date_gmt":"2024-09-29T12:38:23","guid":{"rendered":"https:\/\/www.capil.org\/ressourcen\/"},"modified":"2025-03-11T15:57:26","modified_gmt":"2025-03-11T15:57:26","slug":"ressourcen","status":"publish","type":"page","link":"https:\/\/www.capil.org\/de\/ressourcen\/","title":{"rendered":"Ressourcen"},"content":{"rendered":"<div class=\"wpb-content-wrapper\"><p>[vc_row row_height_percent=&#8220;0&#8243; override_padding=&#8220;yes&#8220; h_padding=&#8220;2&#8243; top_padding=&#8220;3&#8243; bottom_padding=&#8220;3&#8243; back_color=&#8220;color-105898&#8243; back_image=&#8220;97923&#8243; back_position=&#8220;center top&#8220; overlay_alpha=&#8220;50&#8243; overlay_animated=&#8220;yes&#8220; gutter_size=&#8220;2&#8243; column_width_percent=&#8220;100&#8243; shift_y=&#8220;0&#8243; z_index=&#8220;0&#8243; top_divider=&#8220;gradient&#8220; bottom_divider=&#8220;step_3_4&#8243; content_parallax=&#8220;0&#8243; uncode_shortcode_id=&#8220;154609&#8243; back_color_type=&#8220;uncode-palette&#8220; overlay_animated_1_color_type=&#8220;uncode-solid&#8220; overlay_animated_1_color_solid=&#8220;#0c0e99&#8243; overlay_animated_2_color_type=&#8220;uncode-solid&#8220; overlay_animated_2_color_solid=&#8220;#79e0f2&#8243;][vc_column column_width_percent=&#8220;100&#8243; position_vertical=&#8220;middle&#8220; gutter_size=&#8220;3&#8243; style=&#8220;dark&#8220; overlay_alpha=&#8220;50&#8243; shift_x=&#8220;0&#8243; shift_y=&#8220;0&#8243; shift_y_down=&#8220;0&#8243; z_index=&#8220;0&#8243; medium_width=&#8220;0&#8243; mobile_width=&#8220;0&#8243; width=&#8220;1\/1&#8243; uncode_shortcode_id=&#8220;157820&#8243;][vc_row_inner limit_content=&#8220;&#8220;][vc_column_inner column_width_percent=&#8220;100&#8243; position_vertical=&#8220;middle&#8220; gutter_size=&#8220;2&#8243; style=&#8220;dark&#8220; overlay_alpha=&#8220;50&#8243; shift_x=&#8220;0&#8243; shift_y=&#8220;0&#8243; shift_y_down=&#8220;0&#8243; z_index=&#8220;0&#8243; medium_width=&#8220;0&#8243; mobile_width=&#8220;0&#8243; width=&#8220;1\/1&#8243; uncode_shortcode_id=&#8220;210621&#8243;][vc_custom_heading heading_semantic=&#8220;h3&#8243; text_font=&#8220;font-955596&#8243; text_size=&#8220;h1&#8243; uncode_shortcode_id=&#8220;120778&#8243;]Ressourcen[\/vc_custom_heading][vc_empty_space empty_h=&#8220;1&#8243;][\/vc_column_inner][\/vc_row_inner][\/vc_column][\/vc_row][vc_row row_height_percent=&#8220;0&#8243; override_padding=&#8220;yes&#8220; h_padding=&#8220;2&#8243; top_padding=&#8220;2&#8243; bottom_padding=&#8220;0&#8243; overlay_alpha=&#8220;50&#8243; equal_height=&#8220;yes&#8220; gutter_size=&#8220;3&#8243; column_width_percent=&#8220;100&#8243; shift_y=&#8220;0&#8243; z_index=&#8220;0&#8243; content_parallax=&#8220;0&#8243; uncode_shortcode_id=&#8220;191313&#8243;][vc_column width=&#8220;1\/1&#8243;][vc_row_inner row_inner_height_percent=&#8220;80&#8243; overlay_alpha=&#8220;50&#8243; equal_height=&#8220;yes&#8220; gutter_size=&#8220;0&#8243; shift_y=&#8220;0&#8243; z_index=&#8220;0&#8243; limit_content=&#8220;&#8220; uncode_shortcode_id=&#8220;194006&#8243;][vc_column_inner column_width_percent=&#8220;100&#8243; gutter_size=&#8220;3&#8243; override_padding=&#8220;yes&#8220; column_padding=&#8220;2&#8243; expand_height=&#8220;yes&#8220; back_color=&#8220;color-xsdn&#8220; overlay_alpha=&#8220;50&#8243; radius=&#8220;sm&#8220; shift_x=&#8220;0&#8243; shift_y=&#8220;0&#8243; shift_y_down=&#8220;0&#8243; z_index=&#8220;0&#8243; medium_width=&#8220;0&#8243; mobile_width=&#8220;0&#8243; width=&#8220;1\/3&#8243; uncode_shortcode_id=&#8220;174300&#8243; back_color_type=&#8220;uncode-palette&#8220;][vc_icon icon=&#8220;fa fa-chat&#8220; icon_color=&#8220;accent&#8220; size=&#8220;fa-4x&#8220; heading_semantic=&#8220;h2&#8243; text_font=&#8220;font-846016&#8243; text_size=&#8220;h2&#8243; text_weight=&#8220;700&#8243; linked_title=&#8220;yes&#8220; text_lead=&#8220;yes&#8220; uncode_shortcode_id=&#8220;349116&#8243; icon_color_type=&#8220;uncode-palette&#8220; title=&#8220;Die Wahl des CEO&#8220; link=&#8220;url:https%3A%2F%2Finnovation360.com%2Fresources%2Fceos-choice%2F|target:_blank|&#8220;]Unser CEO Magnus Penker stellt Ihnen seine Lieblingsst\u00fccke vor, mit denen Sie tiefer in die Innovation eintauchen k\u00f6nnen.[\/vc_icon][vc_empty_space empty_h=&#8220;4&#8243;][vc_button button_color=&#8220;accent&#8220; radius=&#8220;btn-square&#8220; hover_fx=&#8220;full-colored&#8220; custom_typo=&#8220;yes&#8220; font_family=&#8220;font-846016&#8243; font_weight=&#8220;600&#8243; border_width=&#8220;0&#8243; icon_position=&#8220;right&#8220; scale_mobile=&#8220;no&#8220; link=&#8220;url:https%3A%2F%2Finnovation360.com%2Fresources%2Fceos-choice%2F|target:_blank|&#8220; icon=&#8220;fa fa-arrow-right2&#8243; button_color_type=&#8220;uncode-palette&#8220; uncode_shortcode_id=&#8220;203912&#8243;]Mehr lesen[\/vc_button][\/vc_column_inner][vc_column_inner column_width_percent=&#8220;100&#8243; gutter_size=&#8220;3&#8243; override_padding=&#8220;yes&#8220; column_padding=&#8220;2&#8243; expand_height=&#8220;yes&#8220; back_color=&#8220;color-lxmt&#8220; overlay_alpha=&#8220;50&#8243; radius=&#8220;sm&#8220; shift_x=&#8220;0&#8243; shift_y=&#8220;0&#8243; shift_y_down=&#8220;0&#8243; z_index=&#8220;0&#8243; medium_width=&#8220;0&#8243; mobile_width=&#8220;0&#8243; width=&#8220;1\/3&#8243; uncode_shortcode_id=&#8220;194621&#8243; back_color_type=&#8220;uncode-palette&#8220;][vc_icon icon=&#8220;fa fa-clock3&#8243; icon_color=&#8220;accent&#8220; size=&#8220;fa-4x&#8220; heading_semantic=&#8220;h2&#8243; text_font=&#8220;font-846016&#8243; text_size=&#8220;h2&#8243; text_weight=&#8220;700&#8243; linked_title=&#8220;yes&#8220; text_lead=&#8220;yes&#8220; uncode_shortcode_id=&#8220;541742&#8243; icon_color_type=&#8220;uncode-palette&#8220; title=&#8220;60 Minuten Innovationsmanagement&#8220; link=&#8220;url:https%3A%2F%2Finnovation360.com%2Fresources%2F60-minutes-innovation-management%2F|target:_blank|&#8220;]Unser CEO Magnus Penker stellt Ihnen seine Lieblingsst\u00fccke vor, mit denen Sie tiefer in die Innovation eintauchen k\u00f6nnen.[\/vc_icon][vc_button button_color=&#8220;accent&#8220; radius=&#8220;btn-square&#8220; hover_fx=&#8220;full-colored&#8220; custom_typo=&#8220;yes&#8220; font_family=&#8220;font-846016&#8243; font_weight=&#8220;600&#8243; border_width=&#8220;0&#8243; icon_position=&#8220;right&#8220; scale_mobile=&#8220;no&#8220; link=&#8220;url:https%3A%2F%2Finnovation360.com%2Fresources%2F60-minutes-innovation-management%2F|target:_blank|&#8220; icon=&#8220;fa fa-arrow-right2&#8243; button_color_type=&#8220;uncode-palette&#8220; uncode_shortcode_id=&#8220;113956&#8243;]Mehr lesen[\/vc_button][\/vc_column_inner][vc_column_inner column_width_percent=&#8220;100&#8243; gutter_size=&#8220;3&#8243; override_padding=&#8220;yes&#8220; column_padding=&#8220;2&#8243; expand_height=&#8220;yes&#8220; back_color=&#8220;color-xsdn&#8220; overlay_alpha=&#8220;50&#8243; radius=&#8220;sm&#8220; shift_x=&#8220;0&#8243; shift_y=&#8220;0&#8243; shift_y_down=&#8220;0&#8243; z_index=&#8220;0&#8243; medium_width=&#8220;0&#8243; mobile_width=&#8220;0&#8243; width=&#8220;1\/3&#8243; uncode_shortcode_id=&#8220;171337&#8243; back_color_type=&#8220;uncode-palette&#8220;][vc_icon icon=&#8220;fa fa-newspaper&#8220; icon_color=&#8220;accent&#8220; size=&#8220;fa-4x&#8220; heading_semantic=&#8220;h2&#8243; text_font=&#8220;font-846016&#8243; text_size=&#8220;h2&#8243; text_weight=&#8220;700&#8243; linked_title=&#8220;yes&#8220; text_lead=&#8220;yes&#8220; uncode_shortcode_id=&#8220;172883&#8243; icon_color_type=&#8220;uncode-palette&#8220; title=&#8220;Pressever\u00f6ffentlichungen&#8220; link=&#8220;url:https%3A%2F%2Finnovation360.com%2Fresources%2Fpress-releases%2F|target:_blank|&#8220;]Unser CEO Magnus Penker stellt Ihnen seine Lieblingsst\u00fccke vor, mit denen Sie tiefer in die Innovation eintauchen k\u00f6nnen.[\/vc_icon][vc_empty_space empty_h=&#8220;4&#8243;][vc_button button_color=&#8220;accent&#8220; radius=&#8220;btn-square&#8220; hover_fx=&#8220;full-colored&#8220; custom_typo=&#8220;yes&#8220; font_family=&#8220;font-846016&#8243; font_weight=&#8220;600&#8243; border_width=&#8220;0&#8243; icon_position=&#8220;right&#8220; scale_mobile=&#8220;no&#8220; link=&#8220;url:https%3A%2F%2Finnovation360.com%2Fresources%2Fpress-releases%2F|target:_blank|&#8220; icon=&#8220;fa fa-arrow-right2&#8243; button_color_type=&#8220;uncode-palette&#8220; uncode_shortcode_id=&#8220;366653&#8243;]Mehr lesen[\/vc_button][\/vc_column_inner][\/vc_row_inner][\/vc_column][\/vc_row][vc_row row_height_percent=&#8220;0&#8243; override_padding=&#8220;yes&#8220; h_padding=&#8220;2&#8243; top_padding=&#8220;0&#8243; bottom_padding=&#8220;2&#8243; overlay_alpha=&#8220;50&#8243; equal_height=&#8220;yes&#8220; gutter_size=&#8220;3&#8243; column_width_percent=&#8220;100&#8243; shift_y=&#8220;0&#8243; z_index=&#8220;0&#8243; content_parallax=&#8220;0&#8243; uncode_shortcode_id=&#8220;155945&#8243;][vc_column width=&#8220;1\/1&#8243;][vc_row_inner row_inner_height_percent=&#8220;80&#8243; overlay_alpha=&#8220;50&#8243; equal_height=&#8220;yes&#8220; gutter_size=&#8220;0&#8243; shift_y=&#8220;0&#8243; z_index=&#8220;0&#8243; limit_content=&#8220;&#8220; uncode_shortcode_id=&#8220;726169&#8243;][vc_column_inner column_width_percent=&#8220;100&#8243; gutter_size=&#8220;3&#8243; override_padding=&#8220;yes&#8220; column_padding=&#8220;2&#8243; expand_height=&#8220;yes&#8220; back_color=&#8220;color-gyho&#8220; overlay_alpha=&#8220;50&#8243; radius=&#8220;sm&#8220; shift_x=&#8220;0&#8243; shift_y=&#8220;0&#8243; shift_y_down=&#8220;0&#8243; z_index=&#8220;0&#8243; medium_width=&#8220;0&#8243; mobile_width=&#8220;0&#8243; width=&#8220;1\/3&#8243; uncode_shortcode_id=&#8220;559342&#8243; back_color_type=&#8220;uncode-palette&#8220;][vc_icon icon=&#8220;fa fa-screen&#8220; icon_color=&#8220;accent&#8220; size=&#8220;fa-4x&#8220; heading_semantic=&#8220;h2&#8243; text_font=&#8220;font-846016&#8243; text_size=&#8220;h2&#8243; text_weight=&#8220;700&#8243; linked_title=&#8220;yes&#8220; text_lead=&#8220;yes&#8220; uncode_shortcode_id=&#8220;151135&#8243; icon_color_type=&#8220;uncode-palette&#8220; title=&#8220;Vordenkerrolle&#8220; link=&#8220;url:https%3A%2F%2Finnovation360.com%2Fthought-leadership%2F|target:_blank|&#8220;]Innovation 360 ist f\u00fchrend auf dem Gebiet der gesch\u00e4ftlichen Auswirkungen des radikal Neuen. Unser einzigartiger InnoSurvey\u00ae ist ein weltweit genutztes und f\u00fchrendes Analysetool, das durch eine komplette Suite von Methoden und Tools f\u00fcr ein ganzheitliches Innovationsmanagement erg\u00e4nzt wird.[\/vc_icon][vc_button button_color=&#8220;accent&#8220; radius=&#8220;btn-square&#8220; hover_fx=&#8220;full-colored&#8220; custom_typo=&#8220;yes&#8220; font_family=&#8220;font-846016&#8243; font_weight=&#8220;600&#8243; border_width=&#8220;0&#8243; icon_position=&#8220;right&#8220; scale_mobile=&#8220;no&#8220; link=&#8220;url:https%3A%2F%2Finnovation360.com%2Fthought-leadership%2F|target:_blank|&#8220; icon=&#8220;fa fa-arrow-right2&#8243; button_color_type=&#8220;uncode-palette&#8220; uncode_shortcode_id=&#8220;318335&#8243;]Mehr lesen[\/vc_button][\/vc_column_inner][vc_column_inner column_width_percent=&#8220;100&#8243; gutter_size=&#8220;3&#8243; override_padding=&#8220;yes&#8220; column_padding=&#8220;2&#8243; expand_height=&#8220;yes&#8220; back_color=&#8220;color-xsdn&#8220; overlay_alpha=&#8220;50&#8243; radius=&#8220;sm&#8220; shift_x=&#8220;0&#8243; shift_y=&#8220;0&#8243; shift_y_down=&#8220;0&#8243; z_index=&#8220;0&#8243; medium_width=&#8220;0&#8243; mobile_width=&#8220;0&#8243; width=&#8220;1\/3&#8243; uncode_shortcode_id=&#8220;162836&#8243; back_color_type=&#8220;uncode-palette&#8220;][vc_icon icon=&#8220;fa fa-book-open&#8220; icon_color=&#8220;accent&#8220; size=&#8220;fa-4x&#8220; heading_semantic=&#8220;h2&#8243; text_font=&#8220;font-846016&#8243; text_size=&#8220;h2&#8243; text_weight=&#8220;700&#8243; linked_title=&#8220;yes&#8220; text_lead=&#8220;yes&#8220; uncode_shortcode_id=&#8220;207833&#8243; icon_color_type=&#8220;uncode-palette&#8220; title=&#8220;B\u00fccher&#8220; link=&#8220;url:https%3A%2F%2Finnovation360.com%2Fresources%2Fbooks%2F|target:_blank|&#8220;]Hier finden Sie unsere ver\u00f6ffentlichten B\u00fccher auf Englisch und in anderen Sprachen.[\/vc_icon][vc_empty_space empty_h=&#8220;5&#8243;][vc_button button_color=&#8220;accent&#8220; radius=&#8220;btn-square&#8220; hover_fx=&#8220;full-colored&#8220; custom_typo=&#8220;yes&#8220; font_family=&#8220;font-846016&#8243; font_weight=&#8220;600&#8243; border_width=&#8220;0&#8243; icon_position=&#8220;right&#8220; scale_mobile=&#8220;no&#8220; link=&#8220;url:https%3A%2F%2Finnovation360.com%2Fresources%2Fbooks%2F|target:_blank|&#8220; icon=&#8220;fa fa-arrow-right2&#8243; button_color_type=&#8220;uncode-palette&#8220; uncode_shortcode_id=&#8220;117497&#8243;]Mehr lesen[\/vc_button][\/vc_column_inner][vc_column_inner column_width_percent=&#8220;100&#8243; gutter_size=&#8220;3&#8243; override_padding=&#8220;yes&#8220; column_padding=&#8220;2&#8243; expand_height=&#8220;yes&#8220; back_color=&#8220;color-gyho&#8220; overlay_alpha=&#8220;50&#8243; radius=&#8220;sm&#8220; shift_x=&#8220;0&#8243; shift_y=&#8220;0&#8243; shift_y_down=&#8220;0&#8243; z_index=&#8220;0&#8243; medium_width=&#8220;0&#8243; mobile_width=&#8220;0&#8243; width=&#8220;1\/3&#8243; uncode_shortcode_id=&#8220;156838&#8243; back_color_type=&#8220;uncode-palette&#8220;][vc_icon icon=&#8220;fa fa-bargraph&#8220; icon_color=&#8220;accent&#8220; size=&#8220;fa-4x&#8220; heading_semantic=&#8220;h2&#8243; text_font=&#8220;font-846016&#8243; text_size=&#8220;h2&#8243; text_weight=&#8220;700&#8243; linked_title=&#8220;yes&#8220; text_lead=&#8220;yes&#8220; uncode_shortcode_id=&#8220;303273&#8243; icon_color_type=&#8220;uncode-palette&#8220; title=&#8220;My360&#8243; link=&#8220;url:https%3A%2F%2Fmy360.global%2F|target:_blank|&#8220;]My360.global, Ihre ultimative Adresse f\u00fcr Online-Kurse und professionelle Tools. Entdecken Sie unser Portal mit einer gro\u00dfen Auswahl an ansprechenden Online-Kursen, um Ihr Wissen und Ihre F\u00e4higkeiten zu verbessern.[\/vc_icon][vc_empty_space empty_h=&#8220;3&#8243;][vc_button button_color=&#8220;accent&#8220; radius=&#8220;btn-square&#8220; hover_fx=&#8220;full-colored&#8220; custom_typo=&#8220;yes&#8220; font_family=&#8220;font-846016&#8243; font_weight=&#8220;600&#8243; border_width=&#8220;0&#8243; icon_position=&#8220;right&#8220; scale_mobile=&#8220;no&#8220; link=&#8220;url:https%3A%2F%2Fmy360.global%2F|target:_blank|&#8220; icon=&#8220;fa fa-arrow-right2&#8243; button_color_type=&#8220;uncode-palette&#8220; uncode_shortcode_id=&#8220;465651&#8243;]Mehr lesen[\/vc_button][\/vc_column_inner][\/vc_row_inner][\/vc_column][\/vc_row]<\/p>\n<\/div>","protected":false},"excerpt":{"rendered":"<p>[vc_row row_height_percent=&#8220;0&#8243; override_padding=&#8220;yes&#8220; h_padding=&#8220;2&#8243; top_padding=&#8220;3&#8243; bottom_padding=&#8220;3&#8243; back_color=&#8220;color-105898&#8243; back_image=&#8220;97923&#8243; back_position=&#8220;center top&#8220; overlay_alpha=&#8220;50&#8243; overlay_animated=&#8220;yes&#8220; gutter_size=&#8220;2&#8243; column_width_percent=&#8220;100&#8243; shift_y=&#8220;0&#8243; z_index=&#8220;0&#8243; top_divider=&#8220;gradient&#8220; bottom_divider=&#8220;step_3_4&#8243; content_parallax=&#8220;0&#8243; uncode_shortcode_id=&#8220;154609&#8243; [&hellip;]<\/p>\n","protected":false},"author":1,"featured_media":0,"parent":0,"menu_order":0,"comment_status":"closed","ping_status":"closed","template":"","meta":{"footnotes":""},"class_list":["post-148398","page","type-page","status-publish","hentry"],"yoast_head":"<!-- This site is optimized with the Yoast SEO Premium plugin v26.7 (Yoast SEO v26.7) - https:\/\/yoast.com\/wordpress\/plugins\/seo\/ -->\n<title>Ressourcen - CApIL\u00ae<\/title>\n<meta name=\"robots\" content=\"index, follow, max-snippet:-1, max-image-preview:large, max-video-preview:-1\" \/>\n<link rel=\"canonical\" href=\"https:\/\/www.capil.org\/de\/ressourcen\/\" \/>\n<meta property=\"og:locale\" content=\"de_DE\" \/>\n<meta property=\"og:type\" content=\"article\" \/>\n<meta property=\"og:title\" content=\"Ressourcen\" \/>\n<meta property=\"og:description\" content=\"[vc_row row_height_percent=&#8220;0&#8243; override_padding=&#8220;yes&#8220; h_padding=&#8220;2&#8243; top_padding=&#8220;3&#8243; bottom_padding=&#8220;3&#8243; back_color=&#8220;color-105898&#8243; back_image=&#8220;97923&#8243; back_position=&#8220;center top&#8220; overlay_alpha=&#8220;50&#8243; overlay_animated=&#8220;yes&#8220; gutter_size=&#8220;2&#8243; column_width_percent=&#8220;100&#8243; shift_y=&#8220;0&#8243; z_index=&#8220;0&#8243; top_divider=&#8220;gradient&#8220; bottom_divider=&#8220;step_3_4&#8243; content_parallax=&#8220;0&#8243; uncode_shortcode_id=&#8220;154609&#8243; [&hellip;]\" \/>\n<meta property=\"og:url\" content=\"https:\/\/www.capil.org\/de\/ressourcen\/\" \/>\n<meta property=\"og:site_name\" content=\"CApIL\u00ae\" \/>\n<meta property=\"article:modified_time\" content=\"2025-03-11T15:57:26+00:00\" \/>\n<meta name=\"twitter:card\" content=\"summary_large_image\" \/>\n<meta name=\"twitter:site\" content=\"@InnoSurvey\" \/>\n<meta name=\"twitter:label1\" content=\"Gesch\u00e4tzte Lesezeit\" \/>\n\t<meta name=\"twitter:data1\" content=\"7\u00a0Minuten\" \/>\n<script type=\"application\/ld+json\" class=\"yoast-schema-graph\">{\"@context\":\"https:\/\/schema.org\",\"@graph\":[{\"@type\":\"WebPage\",\"@id\":\"https:\/\/www.capil.org\/de\/ressourcen\/\",\"url\":\"https:\/\/www.capil.org\/de\/ressourcen\/\",\"name\":\"Ressourcen - CApIL\u00ae\",\"isPartOf\":{\"@id\":\"https:\/\/www.capil.org\/de\/#website\"},\"datePublished\":\"2024-09-29T12:38:23+00:00\",\"dateModified\":\"2025-03-11T15:57:26+00:00\",\"breadcrumb\":{\"@id\":\"https:\/\/www.capil.org\/de\/ressourcen\/#breadcrumb\"},\"inLanguage\":\"de\",\"potentialAction\":[{\"@type\":\"ReadAction\",\"target\":[\"https:\/\/www.capil.org\/de\/ressourcen\/\"]}]},{\"@type\":\"BreadcrumbList\",\"@id\":\"https:\/\/www.capil.org\/de\/ressourcen\/#breadcrumb\",\"itemListElement\":[{\"@type\":\"ListItem\",\"position\":1,\"name\":\"Home\",\"item\":\"https:\/\/www.capil.org\/de\/homepage\/\"},{\"@type\":\"ListItem\",\"position\":2,\"name\":\"Ressourcen\"}]},{\"@type\":\"WebSite\",\"@id\":\"https:\/\/www.capil.org\/de\/#website\",\"url\":\"https:\/\/www.capil.org\/de\/\",\"name\":\"CApIL\u00ae Certified Applied Innovation Leader\",\"description\":\"Certified Applied Innovation Leader\",\"publisher\":{\"@id\":\"https:\/\/www.capil.org\/de\/#organization\"},\"potentialAction\":[{\"@type\":\"SearchAction\",\"target\":{\"@type\":\"EntryPoint\",\"urlTemplate\":\"https:\/\/www.capil.org\/de\/?s={search_term_string}\"},\"query-input\":{\"@type\":\"PropertyValueSpecification\",\"valueRequired\":true,\"valueName\":\"search_term_string\"}}],\"inLanguage\":\"de\"},{\"@type\":\"Organization\",\"@id\":\"https:\/\/www.capil.org\/de\/#organization\",\"name\":\"Innovation360 Group\",\"url\":\"https:\/\/www.capil.org\/de\/\",\"logo\":{\"@type\":\"ImageObject\",\"inLanguage\":\"de\",\"@id\":\"https:\/\/www.capil.org\/de\/#\/schema\/logo\/image\/\",\"url\":\"https:\/\/www.capil.org\/wp-content\/uploads\/2024\/09\/cropped-cropped-fav.png\",\"contentUrl\":\"https:\/\/www.capil.org\/wp-content\/uploads\/2024\/09\/cropped-cropped-fav.png\",\"width\":512,\"height\":512,\"caption\":\"Innovation360 Group\"},\"image\":{\"@id\":\"https:\/\/www.capil.org\/de\/#\/schema\/logo\/image\/\"},\"sameAs\":[\"https:\/\/x.com\/InnoSurvey\",\"https:\/\/www.linkedin.com\/company\/innovation-360-group-ab\/\",\"https:\/\/www.youtube.com\/channel\/UCrtsXECpDbVHWJ3SR6n8MOg\"]}]}<\/script>\n<!-- \/ Yoast SEO Premium plugin. -->","yoast_head_json":{"title":"Ressourcen - CApIL\u00ae","robots":{"index":"index","follow":"follow","max-snippet":"max-snippet:-1","max-image-preview":"max-image-preview:large","max-video-preview":"max-video-preview:-1"},"canonical":"https:\/\/www.capil.org\/de\/ressourcen\/","og_locale":"de_DE","og_type":"article","og_title":"Ressourcen","og_description":"[vc_row row_height_percent=&#8220;0&#8243; override_padding=&#8220;yes&#8220; h_padding=&#8220;2&#8243; top_padding=&#8220;3&#8243; bottom_padding=&#8220;3&#8243; back_color=&#8220;color-105898&#8243; back_image=&#8220;97923&#8243; back_position=&#8220;center top&#8220; overlay_alpha=&#8220;50&#8243; overlay_animated=&#8220;yes&#8220; gutter_size=&#8220;2&#8243; column_width_percent=&#8220;100&#8243; shift_y=&#8220;0&#8243; z_index=&#8220;0&#8243; top_divider=&#8220;gradient&#8220; bottom_divider=&#8220;step_3_4&#8243; content_parallax=&#8220;0&#8243; uncode_shortcode_id=&#8220;154609&#8243; [&hellip;]","og_url":"https:\/\/www.capil.org\/de\/ressourcen\/","og_site_name":"CApIL\u00ae","article_modified_time":"2025-03-11T15:57:26+00:00","twitter_card":"summary_large_image","twitter_site":"@InnoSurvey","twitter_misc":{"Gesch\u00e4tzte Lesezeit":"7\u00a0Minuten"},"schema":{"@context":"https:\/\/schema.org","@graph":[{"@type":"WebPage","@id":"https:\/\/www.capil.org\/de\/ressourcen\/","url":"https:\/\/www.capil.org\/de\/ressourcen\/","name":"Ressourcen - CApIL\u00ae","isPartOf":{"@id":"https:\/\/www.capil.org\/de\/#website"},"datePublished":"2024-09-29T12:38:23+00:00","dateModified":"2025-03-11T15:57:26+00:00","breadcrumb":{"@id":"https:\/\/www.capil.org\/de\/ressourcen\/#breadcrumb"},"inLanguage":"de","potentialAction":[{"@type":"ReadAction","target":["https:\/\/www.capil.org\/de\/ressourcen\/"]}]},{"@type":"BreadcrumbList","@id":"https:\/\/www.capil.org\/de\/ressourcen\/#breadcrumb","itemListElement":[{"@type":"ListItem","position":1,"name":"Home","item":"https:\/\/www.capil.org\/de\/homepage\/"},{"@type":"ListItem","position":2,"name":"Ressourcen"}]},{"@type":"WebSite","@id":"https:\/\/www.capil.org\/de\/#website","url":"https:\/\/www.capil.org\/de\/","name":"CApIL\u00ae Certified Applied Innovation Leader","description":"Certified Applied Innovation Leader","publisher":{"@id":"https:\/\/www.capil.org\/de\/#organization"},"potentialAction":[{"@type":"SearchAction","target":{"@type":"EntryPoint","urlTemplate":"https:\/\/www.capil.org\/de\/?s={search_term_string}"},"query-input":{"@type":"PropertyValueSpecification","valueRequired":true,"valueName":"search_term_string"}}],"inLanguage":"de"},{"@type":"Organization","@id":"https:\/\/www.capil.org\/de\/#organization","name":"Innovation360 Group","url":"https:\/\/www.capil.org\/de\/","logo":{"@type":"ImageObject","inLanguage":"de","@id":"https:\/\/www.capil.org\/de\/#\/schema\/logo\/image\/","url":"https:\/\/www.capil.org\/wp-content\/uploads\/2024\/09\/cropped-cropped-fav.png","contentUrl":"https:\/\/www.capil.org\/wp-content\/uploads\/2024\/09\/cropped-cropped-fav.png","width":512,"height":512,"caption":"Innovation360 Group"},"image":{"@id":"https:\/\/www.capil.org\/de\/#\/schema\/logo\/image\/"},"sameAs":["https:\/\/x.com\/InnoSurvey","https:\/\/www.linkedin.com\/company\/innovation-360-group-ab\/","https:\/\/www.youtube.com\/channel\/UCrtsXECpDbVHWJ3SR6n8MOg"]}]}},"_links":{"self":[{"href":"https:\/\/www.capil.org\/de\/wp-json\/wp\/v2\/pages\/148398","targetHints":{"allow":["GET"]}}],"collection":[{"href":"https:\/\/www.capil.org\/de\/wp-json\/wp\/v2\/pages"}],"about":[{"href":"https:\/\/www.capil.org\/de\/wp-json\/wp\/v2\/types\/page"}],"author":[{"embeddable":true,"href":"https:\/\/www.capil.org\/de\/wp-json\/wp\/v2\/users\/1"}],"replies":[{"embeddable":true,"href":"https:\/\/www.capil.org\/de\/wp-json\/wp\/v2\/comments?post=148398"}],"version-history":[{"count":2,"href":"https:\/\/www.capil.org\/de\/wp-json\/wp\/v2\/pages\/148398\/revisions"}],"predecessor-version":[{"id":148410,"href":"https:\/\/www.capil.org\/de\/wp-json\/wp\/v2\/pages\/148398\/revisions\/148410"}],"wp:attachment":[{"href":"https:\/\/www.capil.org\/de\/wp-json\/wp\/v2\/media?parent=148398"}],"curies":[{"name":"wp","href":"https:\/\/api.w.org\/{rel}","templated":true}]}}