{"id":148550,"date":"2024-09-29T09:58:50","date_gmt":"2024-09-29T09:58:50","guid":{"rendered":"https:\/\/www.capil.org\/jetzt-bewerben\/"},"modified":"2025-10-01T19:41:27","modified_gmt":"2025-10-01T19:41:27","slug":"jetzt-bewerben","status":"publish","type":"page","link":"https:\/\/www.capil.org\/de\/jetzt-bewerben\/","title":{"rendered":"Fragen Sie nach einem Preis"},"content":{"rendered":"<div class=\"wpb-content-wrapper\"><p>[vc_row row_height_percent=&#8220;0&#8243; override_padding=&#8220;yes&#8220; h_padding=&#8220;2&#8243; top_padding=&#8220;3&#8243; bottom_padding=&#8220;3&#8243; back_color=&#8220;color-105898&#8243; back_image=&#8220;97923&#8243; back_position=&#8220;center top&#8220; overlay_alpha=&#8220;50&#8243; overlay_animated=&#8220;yes&#8220; gutter_size=&#8220;2&#8243; column_width_percent=&#8220;100&#8243; shift_y=&#8220;0&#8243; z_index=&#8220;0&#8243; top_divider=&#8220;gradient&#8220; bottom_divider=&#8220;step_3_4&#8243; content_parallax=&#8220;0&#8243; uncode_shortcode_id=&#8220;154609&#8243; back_color_type=&#8220;uncode-palette&#8220; overlay_animated_1_color_type=&#8220;uncode-solid&#8220; overlay_animated_1_color_solid=&#8220;#0c0e99&#8243; overlay_animated_2_color_type=&#8220;uncode-solid&#8220; overlay_animated_2_color_solid=&#8220;#79e0f2&#8243;][vc_column column_width_percent=&#8220;100&#8243; position_vertical=&#8220;middle&#8220; gutter_size=&#8220;3&#8243; style=&#8220;dark&#8220; overlay_alpha=&#8220;50&#8243; shift_x=&#8220;0&#8243; shift_y=&#8220;0&#8243; shift_y_down=&#8220;0&#8243; z_index=&#8220;0&#8243; medium_width=&#8220;0&#8243; mobile_width=&#8220;0&#8243; width=&#8220;1\/1&#8243; uncode_shortcode_id=&#8220;157820&#8243;][vc_row_inner limit_content=&#8220;&#8220;][vc_column_inner column_width_percent=&#8220;100&#8243; position_vertical=&#8220;middle&#8220; gutter_size=&#8220;2&#8243; style=&#8220;dark&#8220; overlay_alpha=&#8220;50&#8243; shift_x=&#8220;0&#8243; shift_y=&#8220;0&#8243; shift_y_down=&#8220;0&#8243; z_index=&#8220;0&#8243; medium_width=&#8220;0&#8243; mobile_width=&#8220;0&#8243; width=&#8220;1\/1&#8243; uncode_shortcode_id=&#8220;210621&#8243;][vc_custom_heading heading_semantic=&#8220;h3&#8243; text_font=&#8220;font-955596&#8243; text_size=&#8220;h1&#8243; uncode_shortcode_id=&#8220;550793&#8243;]Fragen Sie nach einem Preis[\/vc_custom_heading][vc_empty_space empty_h=&#8220;1&#8243;][\/vc_column_inner][\/vc_row_inner][\/vc_column][\/vc_row][vc_row][vc_column width=&#8220;1\/1&#8243;][vc_row_inner][vc_column_inner width=&#8220;2\/3&#8243;][vc_raw_html]W3dwZm9ybXMgaWQ9IjE0NTU1NCIgdGl0bGU9ImZhbHNlIl0=[\/vc_raw_html][\/vc_column_inner][vc_column_inner column_width_percent=&#8220;100&#8243; align_horizontal=&#8220;align_center&#8220; gutter_size=&#8220;3&#8243; back_color=&#8220;color-gyho&#8220; overlay_alpha=&#8220;50&#8243; shift_x=&#8220;0&#8243; shift_y=&#8220;0&#8243; shift_y_down=&#8220;0&#8243; z_index=&#8220;0&#8243; medium_width=&#8220;0&#8243; mobile_width=&#8220;0&#8243; width=&#8220;1\/3&#8243; uncode_shortcode_id=&#8220;141348&#8243; back_color_type=&#8220;uncode-palette&#8220;][vc_column_text text_lead=&#8220;yes&#8220; uncode_shortcode_id=&#8220;808655&#8243;]<\/p>\n<h3>Verf\u00fcgbare Zeitzonen\/ Online (2+2 Tage)<\/h3>\n<p>&#8211; EU, CET Zeit<br \/>\n&#8211; Nord- und S\u00fcdamerika, EST-Zeit<br \/>\n&#8211; Asien, SGT Zeit<br \/>\n\u2022 Saudi-Arabien Standardzeit, SAST<\/p>\n<p>[\/vc_column_text][vc_column_text uncode_shortcode_id=&#8220;842313&#8243;]<\/p>\n<h3 class=\"consulting-custom-title\">Lesen Sie mehr \u00fcber Lieferoptionen<\/h3>\n<p>[\/vc_column_text][vc_column_text text_lead=&#8220;yes&#8220; uncode_shortcode_id=&#8220;111573&#8243;]2+2 Tage oder 6 halbe Tage[\/vc_column_text][vc_button button_color=&#8220;color-123381&#8243; border_width=&#8220;0&#8243; button_color_type=&#8220;uncode-palette&#8220; uncode_shortcode_id=&#8220;537077&#8243; link=&#8220;url:https%3A%2F%2Fwww.capil.org%2Fde%2Flieferoptionen%2F|&#8220;]Live \/ Online[\/vc_button][vc_empty_space empty_h=&#8220;1&#8243;][vc_button button_color=&#8220;color-123381&#8243; border_width=&#8220;0&#8243; button_color_type=&#8220;uncode-palette&#8220; uncode_shortcode_id=&#8220;102406&#8243; link=&#8220;url:https%3A%2F%2Fwww.capil.org%2Fde%2Flieferoptionen%2F|&#8220;]Unternehmensteams[\/vc_button][\/vc_column_inner][\/vc_row_inner][\/vc_column][\/vc_row][vc_row row_height_percent=&#8220;0&#8243; override_padding=&#8220;yes&#8220; h_padding=&#8220;2&#8243; top_padding=&#8220;3&#8243; bottom_padding=&#8220;3&#8243; back_color=&#8220;color-lxmt&#8220; overlay_alpha=&#8220;50&#8243; gutter_size=&#8220;3&#8243; column_width_percent=&#8220;100&#8243; shift_y=&#8220;0&#8243; z_index=&#8220;0&#8243; content_parallax=&#8220;0&#8243; uncode_shortcode_id=&#8220;149810&#8243; back_color_type=&#8220;uncode-palette&#8220;][vc_column width=&#8220;1\/1&#8243;][vc_row_inner][vc_column_inner width=&#8220;1\/2&#8243;][vc_column_text text_lead=&#8220;yes&#8220; uncode_shortcode_id=&#8220;255993&#8243;]Alle Dozenten sind weltweit f\u00fchrende Experten, die bei der Innovation 360 Group arbeiten oder mit ihr zusammenarbeiten. Wir laden auch Gastredner ein, wie z.B. Magnus Penker, weltbekannter Vordenker und Autor von Play Bold (mit einem Vorwort von Philip Kotler, einem der weltweit f\u00fchrenden Marketingdenker), Peet Van Biljon, ehemaliger globaler Praxisleiter von McKinsey &amp; Co, John Saiz, ehemaliger CTO des NASA Johnsson Space Center, Gerry Purcell, MD bei Innovation360 Canada mit +10 Jahren als Principal bei BCG und Kearney.[\/vc_column_text][\/vc_column_inner][vc_column_inner width=&#8220;1\/2&#8243;][vc_column_text text_lead=&#8220;yes&#8220; uncode_shortcode_id=&#8220;543892&#8243;]Au\u00dferdem erhalten Sie eine Bewertung einer Organisation Ihrer Wahl mit dem weltweit anspruchsvollsten Bewertungstool f\u00fcr Innovationsmanagement &#8211; InnoSurvey\u00ae. W\u00e4hrend des Zertifizierungsprogramms erhalten Sie Zugang zu mehreren hochmodernen, f\u00fchrenden Online-Tools f\u00fcr Innovation und Ideenfindung. Dieser Zugang steht Ihnen 90 Tage lang nach Ihrer Zertifizierung zur Verf\u00fcgung.[\/vc_column_text][\/vc_column_inner][\/vc_row_inner][\/vc_column][\/vc_row]<\/p>\n<\/div>","protected":false},"excerpt":{"rendered":"<p>[vc_row row_height_percent=&#8220;0&#8243; override_padding=&#8220;yes&#8220; h_padding=&#8220;2&#8243; top_padding=&#8220;3&#8243; bottom_padding=&#8220;3&#8243; back_color=&#8220;color-105898&#8243; back_image=&#8220;97923&#8243; back_position=&#8220;center top&#8220; overlay_alpha=&#8220;50&#8243; overlay_animated=&#8220;yes&#8220; gutter_size=&#8220;2&#8243; column_width_percent=&#8220;100&#8243; shift_y=&#8220;0&#8243; z_index=&#8220;0&#8243; top_divider=&#8220;gradient&#8220; bottom_divider=&#8220;step_3_4&#8243; content_parallax=&#8220;0&#8243; uncode_shortcode_id=&#8220;154609&#8243; [&hellip;]<\/p>\n","protected":false},"author":1,"featured_media":0,"parent":0,"menu_order":0,"comment_status":"closed","ping_status":"closed","template":"","meta":{"footnotes":""},"class_list":["post-148550","page","type-page","status-publish","hentry"],"yoast_head":"<!-- This site is optimized with the Yoast SEO Premium plugin v26.7 (Yoast SEO v26.7) - https:\/\/yoast.com\/wordpress\/plugins\/seo\/ -->\n<title>Fragen Sie nach einem Preis - CApIL\u00ae<\/title>\n<meta name=\"robots\" content=\"index, follow, max-snippet:-1, max-image-preview:large, max-video-preview:-1\" \/>\n<link rel=\"canonical\" href=\"https:\/\/www.capil.org\/de\/jetzt-bewerben\/\" \/>\n<meta property=\"og:locale\" content=\"de_DE\" \/>\n<meta property=\"og:type\" content=\"article\" \/>\n<meta property=\"og:title\" content=\"Fragen Sie nach einem Preis\" \/>\n<meta property=\"og:description\" content=\"[vc_row row_height_percent=&#8220;0&#8243; override_padding=&#8220;yes&#8220; h_padding=&#8220;2&#8243; top_padding=&#8220;3&#8243; bottom_padding=&#8220;3&#8243; back_color=&#8220;color-105898&#8243; back_image=&#8220;97923&#8243; back_position=&#8220;center top&#8220; overlay_alpha=&#8220;50&#8243; overlay_animated=&#8220;yes&#8220; gutter_size=&#8220;2&#8243; column_width_percent=&#8220;100&#8243; shift_y=&#8220;0&#8243; z_index=&#8220;0&#8243; top_divider=&#8220;gradient&#8220; bottom_divider=&#8220;step_3_4&#8243; content_parallax=&#8220;0&#8243; uncode_shortcode_id=&#8220;154609&#8243; [&hellip;]\" \/>\n<meta property=\"og:url\" content=\"https:\/\/www.capil.org\/de\/jetzt-bewerben\/\" \/>\n<meta property=\"og:site_name\" content=\"CApIL\u00ae\" \/>\n<meta property=\"article:modified_time\" content=\"2025-10-01T19:41:27+00:00\" \/>\n<meta name=\"twitter:card\" content=\"summary_large_image\" \/>\n<meta name=\"twitter:site\" content=\"@InnoSurvey\" \/>\n<meta name=\"twitter:label1\" content=\"Gesch\u00e4tzte Lesezeit\" \/>\n\t<meta name=\"twitter:data1\" content=\"3\u00a0Minuten\" \/>\n<script type=\"application\/ld+json\" class=\"yoast-schema-graph\">{\"@context\":\"https:\/\/schema.org\",\"@graph\":[{\"@type\":\"WebPage\",\"@id\":\"https:\/\/www.capil.org\/de\/jetzt-bewerben\/\",\"url\":\"https:\/\/www.capil.org\/de\/jetzt-bewerben\/\",\"name\":\"Fragen Sie nach einem Preis - CApIL\u00ae\",\"isPartOf\":{\"@id\":\"https:\/\/www.capil.org\/de\/#website\"},\"datePublished\":\"2024-09-29T09:58:50+00:00\",\"dateModified\":\"2025-10-01T19:41:27+00:00\",\"breadcrumb\":{\"@id\":\"https:\/\/www.capil.org\/de\/jetzt-bewerben\/#breadcrumb\"},\"inLanguage\":\"de\",\"potentialAction\":[{\"@type\":\"ReadAction\",\"target\":[\"https:\/\/www.capil.org\/de\/jetzt-bewerben\/\"]}]},{\"@type\":\"BreadcrumbList\",\"@id\":\"https:\/\/www.capil.org\/de\/jetzt-bewerben\/#breadcrumb\",\"itemListElement\":[{\"@type\":\"ListItem\",\"position\":1,\"name\":\"Home\",\"item\":\"https:\/\/www.capil.org\/de\/homepage\/\"},{\"@type\":\"ListItem\",\"position\":2,\"name\":\"Fragen Sie nach einem Preis\"}]},{\"@type\":\"WebSite\",\"@id\":\"https:\/\/www.capil.org\/de\/#website\",\"url\":\"https:\/\/www.capil.org\/de\/\",\"name\":\"CApIL\u00ae Certified Applied Innovation Leader\",\"description\":\"Certified Applied Innovation Leader\",\"publisher\":{\"@id\":\"https:\/\/www.capil.org\/de\/#organization\"},\"potentialAction\":[{\"@type\":\"SearchAction\",\"target\":{\"@type\":\"EntryPoint\",\"urlTemplate\":\"https:\/\/www.capil.org\/de\/?s={search_term_string}\"},\"query-input\":{\"@type\":\"PropertyValueSpecification\",\"valueRequired\":true,\"valueName\":\"search_term_string\"}}],\"inLanguage\":\"de\"},{\"@type\":\"Organization\",\"@id\":\"https:\/\/www.capil.org\/de\/#organization\",\"name\":\"Innovation360 Group\",\"url\":\"https:\/\/www.capil.org\/de\/\",\"logo\":{\"@type\":\"ImageObject\",\"inLanguage\":\"de\",\"@id\":\"https:\/\/www.capil.org\/de\/#\/schema\/logo\/image\/\",\"url\":\"https:\/\/www.capil.org\/wp-content\/uploads\/2024\/09\/cropped-cropped-fav.png\",\"contentUrl\":\"https:\/\/www.capil.org\/wp-content\/uploads\/2024\/09\/cropped-cropped-fav.png\",\"width\":512,\"height\":512,\"caption\":\"Innovation360 Group\"},\"image\":{\"@id\":\"https:\/\/www.capil.org\/de\/#\/schema\/logo\/image\/\"},\"sameAs\":[\"https:\/\/x.com\/InnoSurvey\",\"https:\/\/www.linkedin.com\/company\/innovation-360-group-ab\/\",\"https:\/\/www.youtube.com\/channel\/UCrtsXECpDbVHWJ3SR6n8MOg\"]}]}<\/script>\n<!-- \/ Yoast SEO Premium plugin. -->","yoast_head_json":{"title":"Fragen Sie nach einem Preis - CApIL\u00ae","robots":{"index":"index","follow":"follow","max-snippet":"max-snippet:-1","max-image-preview":"max-image-preview:large","max-video-preview":"max-video-preview:-1"},"canonical":"https:\/\/www.capil.org\/de\/jetzt-bewerben\/","og_locale":"de_DE","og_type":"article","og_title":"Fragen Sie nach einem Preis","og_description":"[vc_row row_height_percent=&#8220;0&#8243; override_padding=&#8220;yes&#8220; h_padding=&#8220;2&#8243; top_padding=&#8220;3&#8243; bottom_padding=&#8220;3&#8243; back_color=&#8220;color-105898&#8243; back_image=&#8220;97923&#8243; back_position=&#8220;center top&#8220; overlay_alpha=&#8220;50&#8243; overlay_animated=&#8220;yes&#8220; gutter_size=&#8220;2&#8243; column_width_percent=&#8220;100&#8243; shift_y=&#8220;0&#8243; z_index=&#8220;0&#8243; top_divider=&#8220;gradient&#8220; bottom_divider=&#8220;step_3_4&#8243; content_parallax=&#8220;0&#8243; uncode_shortcode_id=&#8220;154609&#8243; [&hellip;]","og_url":"https:\/\/www.capil.org\/de\/jetzt-bewerben\/","og_site_name":"CApIL\u00ae","article_modified_time":"2025-10-01T19:41:27+00:00","twitter_card":"summary_large_image","twitter_site":"@InnoSurvey","twitter_misc":{"Gesch\u00e4tzte Lesezeit":"3\u00a0Minuten"},"schema":{"@context":"https:\/\/schema.org","@graph":[{"@type":"WebPage","@id":"https:\/\/www.capil.org\/de\/jetzt-bewerben\/","url":"https:\/\/www.capil.org\/de\/jetzt-bewerben\/","name":"Fragen Sie nach einem Preis - CApIL\u00ae","isPartOf":{"@id":"https:\/\/www.capil.org\/de\/#website"},"datePublished":"2024-09-29T09:58:50+00:00","dateModified":"2025-10-01T19:41:27+00:00","breadcrumb":{"@id":"https:\/\/www.capil.org\/de\/jetzt-bewerben\/#breadcrumb"},"inLanguage":"de","potentialAction":[{"@type":"ReadAction","target":["https:\/\/www.capil.org\/de\/jetzt-bewerben\/"]}]},{"@type":"BreadcrumbList","@id":"https:\/\/www.capil.org\/de\/jetzt-bewerben\/#breadcrumb","itemListElement":[{"@type":"ListItem","position":1,"name":"Home","item":"https:\/\/www.capil.org\/de\/homepage\/"},{"@type":"ListItem","position":2,"name":"Fragen Sie nach einem Preis"}]},{"@type":"WebSite","@id":"https:\/\/www.capil.org\/de\/#website","url":"https:\/\/www.capil.org\/de\/","name":"CApIL\u00ae Certified Applied Innovation Leader","description":"Certified Applied Innovation Leader","publisher":{"@id":"https:\/\/www.capil.org\/de\/#organization"},"potentialAction":[{"@type":"SearchAction","target":{"@type":"EntryPoint","urlTemplate":"https:\/\/www.capil.org\/de\/?s={search_term_string}"},"query-input":{"@type":"PropertyValueSpecification","valueRequired":true,"valueName":"search_term_string"}}],"inLanguage":"de"},{"@type":"Organization","@id":"https:\/\/www.capil.org\/de\/#organization","name":"Innovation360 Group","url":"https:\/\/www.capil.org\/de\/","logo":{"@type":"ImageObject","inLanguage":"de","@id":"https:\/\/www.capil.org\/de\/#\/schema\/logo\/image\/","url":"https:\/\/www.capil.org\/wp-content\/uploads\/2024\/09\/cropped-cropped-fav.png","contentUrl":"https:\/\/www.capil.org\/wp-content\/uploads\/2024\/09\/cropped-cropped-fav.png","width":512,"height":512,"caption":"Innovation360 Group"},"image":{"@id":"https:\/\/www.capil.org\/de\/#\/schema\/logo\/image\/"},"sameAs":["https:\/\/x.com\/InnoSurvey","https:\/\/www.linkedin.com\/company\/innovation-360-group-ab\/","https:\/\/www.youtube.com\/channel\/UCrtsXECpDbVHWJ3SR6n8MOg"]}]}},"_links":{"self":[{"href":"https:\/\/www.capil.org\/de\/wp-json\/wp\/v2\/pages\/148550","targetHints":{"allow":["GET"]}}],"collection":[{"href":"https:\/\/www.capil.org\/de\/wp-json\/wp\/v2\/pages"}],"about":[{"href":"https:\/\/www.capil.org\/de\/wp-json\/wp\/v2\/types\/page"}],"author":[{"embeddable":true,"href":"https:\/\/www.capil.org\/de\/wp-json\/wp\/v2\/users\/1"}],"replies":[{"embeddable":true,"href":"https:\/\/www.capil.org\/de\/wp-json\/wp\/v2\/comments?post=148550"}],"version-history":[{"count":9,"href":"https:\/\/www.capil.org\/de\/wp-json\/wp\/v2\/pages\/148550\/revisions"}],"predecessor-version":[{"id":149711,"href":"https:\/\/www.capil.org\/de\/wp-json\/wp\/v2\/pages\/148550\/revisions\/149711"}],"wp:attachment":[{"href":"https:\/\/www.capil.org\/de\/wp-json\/wp\/v2\/media?parent=148550"}],"curies":[{"name":"wp","href":"https:\/\/api.w.org\/{rel}","templated":true}]}}