{"id":148573,"date":"2024-09-28T22:38:55","date_gmt":"2024-09-28T22:38:55","guid":{"rendered":"https:\/\/www.capil.org\/opciones-de-entrega\/"},"modified":"2025-10-01T19:41:21","modified_gmt":"2025-10-01T19:41:21","slug":"opciones-de-entrega","status":"publish","type":"page","link":"https:\/\/www.capil.org\/es\/opciones-de-entrega\/","title":{"rendered":"Opciones de entrega"},"content":{"rendered":"<div class=\"wpb-content-wrapper\"><p>[vc_row row_height_percent=\u00bb0&#8243; override_padding=\u00bbyes\u00bb h_padding=\u00bb2&#8243; top_padding=\u00bb3&#8243; bottom_padding=\u00bb3&#8243; back_color=\u00bbcolor-105898&#8243; back_image=\u00bb97923&#8243; back_position=\u00bbcenter top\u00bb overlay_alpha=\u00bb50&#8243; overlay_animated=\u00bbyes\u00bb gutter_size=\u00bb3&#8243; column_width_percent=\u00bb100&#8243; shift_y=\u00bb0&#8243; z_index=\u00bb0&#8243; top_divider=\u00bbgradient\u00bb bottom_divider=\u00bbstep_3_4&#8243; content_parallax=\u00bb0&#8243; uncode_shortcode_id=\u00bb718163&#8243; back_color_type=\u00bbuncode-palette\u00bb overlay_animated_1_color_type=\u00bbuncode-solid\u00bb overlay_animated_1_color_solid=\u00bb#0c0e99&#8243; overlay_animated_2_color_type=\u00bbuncode-solid\u00bb overlay_animated_2_color_solid=\u00bb#79e0f2&#8243;][vc_column column_width_percent=\u00bb100&#8243; position_vertical=\u00bbmiddle\u00bb gutter_size=\u00bb3&#8243; style=\u00bbdark\u00bb overlay_alpha=\u00bb50&#8243; shift_x=\u00bb0&#8243; shift_y=\u00bb0&#8243; shift_y_down=\u00bb0&#8243; z_index=\u00bb0&#8243; medium_width=\u00bb0&#8243; mobile_width=\u00bb0&#8243; width=\u00bb1\/1&#8243; uncode_shortcode_id=\u00bb157820&#8243;][vc_row_inner limit_content=\u00bb\u00bb][vc_column_inner column_width_percent=\u00bb100&#8243; position_vertical=\u00bbmiddle\u00bb align_horizontal=\u00bbalign_center\u00bb gutter_size=\u00bb2&#8243; style=\u00bbdark\u00bb overlay_alpha=\u00bb50&#8243; shift_x=\u00bb0&#8243; shift_y=\u00bb0&#8243; shift_y_down=\u00bb0&#8243; z_index=\u00bb0&#8243; medium_width=\u00bb0&#8243; mobile_width=\u00bb0&#8243; width=\u00bb1\/1&#8243;][vc_custom_heading heading_semantic=\u00bbh3&#8243; text_font=\u00bbfont-955596&#8243; text_size=\u00bbh1&#8243; uncode_shortcode_id=\u00bb110327&#8243;]Opciones de formaci\u00f3n flexibles que se adaptan a tu apretada agenda[\/vc_custom_heading][\/vc_column_inner][\/vc_row_inner][\/vc_column][\/vc_row][vc_row unlock_row_content=\u00bbyes\u00bb row_height_percent=\u00bb0&#8243; override_padding=\u00bbyes\u00bb h_padding=\u00bb0&#8243; top_padding=\u00bb0&#8243; bottom_padding=\u00bb0&#8243; overlay_alpha=\u00bb50&#8243; equal_height=\u00bbyes\u00bb gutter_size=\u00bb0&#8243; column_width_percent=\u00bb100&#8243; shift_y=\u00bb0&#8243; z_index=\u00bb0&#8243; content_parallax=\u00bb0&#8243; uncode_shortcode_id=\u00bb104371&#8243;][vc_column column_width_percent=\u00bb100&#8243; position_vertical=\u00bbmiddle\u00bb align_horizontal=\u00bbalign_right\u00bb gutter_size=\u00bb3&#8243; override_padding=\u00bbyes\u00bb column_padding=\u00bb4&#8243; expand_height=\u00bbyes\u00bb back_image=\u00bb147919&#8243; parallax=\u00bbyes\u00bb overlay_color=\u00bbcolor-123381&#8243; overlay_alpha=\u00bb64&#8243; shift_x=\u00bb0&#8243; shift_y=\u00bb0&#8243; shift_y_down=\u00bb0&#8243; z_index=\u00bb0&#8243; medium_width=\u00bb0&#8243; mobile_width=\u00bb0&#8243; width=\u00bb1\/2&#8243; uncode_shortcode_id=\u00bb880196&#8243; overlay_color_type=\u00bbuncode-palette\u00bb][vc_row_inner][vc_column_inner column_width_percent=\u00bb100&#8243; position_vertical=\u00bbmiddle\u00bb align_horizontal=\u00bbalign_right\u00bb gutter_size=\u00bb3&#8243; expand_height=\u00bbyes\u00bb overlay_alpha=\u00bb50&#8243; shift_x=\u00bb0&#8243; shift_y=\u00bb0&#8243; shift_y_down=\u00bb0&#8243; z_index=\u00bb0&#8243; medium_width=\u00bb0&#8243; mobile_width=\u00bb0&#8243; width=\u00bb1\/1&#8243; uncode_shortcode_id=\u00bb190371&#8243;][vc_empty_space empty_h=\u00bb2&#8243; medium_visibility=\u00bbyes\u00bb mobile_visibility=\u00bbyes\u00bb][vc_icon icon=\u00bbfa fa-global\u00bb size=\u00bbfa-5x\u00bb heading_semantic=\u00bbh1&#8243; text_size=\u00bbfontsize-155944&#8243; text_weight=\u00bb600&#8243; uncode_shortcode_id=\u00bb298169&#8243; title=\u00bbEn directo \/ Online\u00bb][\/vc_icon][vc_empty_space empty_h=\u00bb2&#8243;][vc_column_text text_lead=\u00bbyes\u00bb uncode_shortcode_id=\u00bb191529&#8243;]Tanto si est\u00e1s en casa como en la oficina, sigue avanzando en tus objetivos profesionales con i360Seamless live, una plataforma de asistencia online que te permite experimentar la misma formaci\u00f3n dirigida por un instructor que en nuestros Centros Educativos.[\/vc_column_text][vc_empty_space empty_h=\u00bb2&#8243;][vc_button button_color=\u00bbcolor-151788&#8243; border_width=\u00bb0&#8243; button_color_type=\u00bbuncode-palette\u00bb uncode_shortcode_id=\u00bb164671&#8243;]Solicitar ahora[\/vc_button][\/vc_column_inner][\/vc_row_inner][\/vc_column][vc_column column_width_percent=\u00bb100&#8243; gutter_size=\u00bb3&#8243; override_padding=\u00bbyes\u00bb column_padding=\u00bb4&#8243; style=\u00bblight\u00bb back_color=\u00bbcolor-xsdn\u00bb overlay_alpha=\u00bb50&#8243; shift_x=\u00bb0&#8243; shift_y=\u00bb0&#8243; shift_y_down=\u00bb0&#8243; z_index=\u00bb0&#8243; medium_width=\u00bb0&#8243; mobile_width=\u00bb0&#8243; width=\u00bb1\/2&#8243; uncode_shortcode_id=\u00bb117582&#8243; back_color_type=\u00bbuncode-palette\u00bb][vc_row_inner][vc_column_inner column_width_percent=\u00bb100&#8243; gutter_size=\u00bb3&#8243; style=\u00bblight\u00bb overlay_alpha=\u00bb50&#8243; shift_x=\u00bb0&#8243; shift_y=\u00bb0&#8243; shift_y_down=\u00bb0&#8243; z_index=\u00bb0&#8243; medium_width=\u00bb0&#8243; mobile_width=\u00bb0&#8243; width=\u00bb1\/1&#8243; uncode_shortcode_id=\u00bb994468&#8243;][vc_column_text uncode_shortcode_id=\u00bb308897&#8243;]<\/p>\n<h3>La diferencia i360Seamless<\/h3>\n<ul>\n<li><strong>Forma al formador:<\/strong> Formamos a nuestros instructores para que sean superusuarios de i360Seamless, garantizando siempre una experiencia de aprendizaje excepcional y atractiva.<\/li>\n<li><strong>Soporte t\u00e9cnico:<\/strong> Nuestro Equipo de Asistencia T\u00e9cnica i360Seamless est\u00e1 a un clic de distancia para ayudarte a levantarte y responder a tus preguntas en cualquier momento del curso, para que puedas sumergirte en una experiencia de aprendizaje sin distracciones.<\/li>\n<li><strong>Apoyo posterior al curso:<\/strong> Con las ventajas a\u00f1adidas tras el curso, como el Sandbox inform\u00e1tico y la formaci\u00f3n de instructores, tendr\u00e1s el apoyo que necesitas para aplicar tus nuevas habilidades con confianza en el trabajo.<\/li>\n<li><strong>Garant\u00eda de satisfacci\u00f3n del 100%:<\/strong> Te garantizamos que te encantar\u00e1 la experiencia i360Seamless, por lo que puedes confiar en que tu equipo desarrollar\u00e1 los conocimientos, destrezas y habilidades necesarios para hacer avanzar tu organizaci\u00f3n.<\/li>\n<\/ul>\n<p>[\/vc_column_text][vc_column_text uncode_shortcode_id=\u00bb198599&#8243;]<\/p>\n<h3>Utilizando i360Seamless desde casa o el trabajo, puedes:<\/h3>\n<p><strong>Prueba y experimenta herramientas online de clase mundial<\/strong> para obtener el m\u00e1ximo de interacciones, aprendizajes y conocimientos<strong> <\/strong><\/p>\n<p><strong>Comun\u00edcate f\u00e1cilmente en tiempo real<\/strong> con el instructor del curso y tus compa\u00f1eros de clase: haz preguntas, obt\u00e9n aclaraciones y aporta tus puntos de vista<\/p>\n<p><strong>Evita largos desplazamientos<\/strong><\/p>\n<p><strong>Eliminar gastos<\/strong> de billetes de avi\u00f3n, hoteles y coches de alquiler<\/p>\n<p><strong>Perfecto para equipos peque\u00f1os y medianos<\/strong> que quieren arrancar.[\/vc_column_text][vc_column_text uncode_shortcode_id=\u00bb202922&#8243;]<\/p>\n<h3>Precio:<\/h3>\n<p><b><br \/>\n  <span lang=\"EN-GB\">3500 \u20ac (Euro)<\/span><br \/>\n<\/b><span lang=\"EN-GB\"> por <\/span><span lang=\"EN-GB\">persona &#8211; formaci\u00f3n, examen y certificaci\u00f3n incluidos<\/span><\/p>\n<p>[\/vc_column_text][\/vc_column_inner][\/vc_row_inner][\/vc_column][\/vc_row][vc_row unlock_row_content=\u00bbyes\u00bb row_height_percent=\u00bb0&#8243; override_padding=\u00bbyes\u00bb h_padding=\u00bb0&#8243; top_padding=\u00bb0&#8243; bottom_padding=\u00bb0&#8243; overlay_alpha=\u00bb50&#8243; equal_height=\u00bbyes\u00bb gutter_size=\u00bb0&#8243; column_width_percent=\u00bb100&#8243; shift_y=\u00bb0&#8243; z_index=\u00bb0&#8243; content_parallax=\u00bb0&#8243; uncode_shortcode_id=\u00bb104371&#8243;][vc_column column_width_percent=\u00bb100&#8243; position_vertical=\u00bbmiddle\u00bb align_horizontal=\u00bbalign_right\u00bb gutter_size=\u00bb3&#8243; override_padding=\u00bbyes\u00bb column_padding=\u00bb4&#8243; expand_height=\u00bbyes\u00bb style=\u00bblight\u00bb back_color=\u00bbcolor-gyho\u00bb overlay_alpha=\u00bb64&#8243; shift_x=\u00bb0&#8243; shift_y=\u00bb0&#8243; shift_y_down=\u00bb0&#8243; z_index=\u00bb0&#8243; medium_width=\u00bb0&#8243; mobile_width=\u00bb0&#8243; width=\u00bb1\/2&#8243; uncode_shortcode_id=\u00bb954473&#8243; back_color_type=\u00bbuncode-palette\u00bb][vc_empty_space empty_h=\u00bb2&#8243; medium_visibility=\u00bbyes\u00bb mobile_visibility=\u00bbyes\u00bb][vc_row_inner][vc_column_inner column_width_percent=\u00bb100&#8243; align_horizontal=\u00bbalign_right\u00bb gutter_size=\u00bb3&#8243; style=\u00bblight\u00bb overlay_alpha=\u00bb50&#8243; shift_x=\u00bb0&#8243; shift_y=\u00bb0&#8243; shift_y_down=\u00bb0&#8243; z_index=\u00bb0&#8243; medium_width=\u00bb0&#8243; mobile_width=\u00bb0&#8243; width=\u00bb1\/1&#8243; uncode_shortcode_id=\u00bb204208&#8243;][vc_column_text uncode_shortcode_id=\u00bb110470&#8243;]<\/p>\n<h3>\u00bfPor qu\u00e9 impartir cursos in situ?<\/h3>\n<p>Adem\u00e1s de la formaci\u00f3n atractiva y de alta calidad que puedes esperar de Innovation360, la impartici\u00f3n de cursos in situ proporciona varias grandes ventajas para las soluciones de formaci\u00f3n de tu equipo, entre ellas:<\/p>\n<p><strong>Personalizaciones<\/strong> e integraci\u00f3n con otros programas<\/p>\n<p><strong>Reducir costes<\/strong> eliminando gastos de desplazamiento. Venimos a ti. <\/p>\n<p>Experiencia pr\u00e1ctica <strong>en el puesto de trabajo<\/strong> que puede aplicarse inmediatamente.<\/p>\n<p><strong>Refuerza la colaboraci\u00f3n en equipo<\/strong> con escenarios reales adaptados a tus retos espec\u00edficos.<\/p>\n<p><strong>Ahorra tiempo<\/strong> formando a todo tu equipo\/empresa a la vez.<\/p>\n<p><strong>Disfruta de un evento de formaci\u00f3n sin preocupaciones<\/strong>, con todos los detalles a cargo de nuestro equipo.[\/vc_column_text][vc_column_text uncode_shortcode_id=\u00bb963365&#8243;]<\/p>\n<h3>Precio:<\/h3>\n<p><b><br \/>\n  <span lang=\"EN-GB\">3500 \u20ac (Euro)<\/span><br \/>\n<\/b><span lang=\"EN-GB\"> por <\/span><span lang=\"EN-GB\">persona &#8211; formaci\u00f3n, examen y certificaci\u00f3n incluidos<\/span><\/p>\n<p>[\/vc_column_text][\/vc_column_inner][\/vc_row_inner][\/vc_column][vc_column column_width_percent=\u00bb100&#8243; gutter_size=\u00bb3&#8243; override_padding=\u00bbyes\u00bb column_padding=\u00bb4&#8243; back_image=\u00bb147907&#8243; parallax=\u00bbyes\u00bb overlay_color=\u00bbcolor-123381&#8243; overlay_alpha=\u00bb58&#8243; shift_x=\u00bb0&#8243; shift_y=\u00bb0&#8243; shift_y_down=\u00bb0&#8243; z_index=\u00bb0&#8243; medium_width=\u00bb0&#8243; mobile_width=\u00bb0&#8243; width=\u00bb1\/2&#8243; uncode_shortcode_id=\u00bb175267&#8243; overlay_color_type=\u00bbuncode-palette\u00bb][vc_row_inner][vc_column_inner column_width_percent=\u00bb100&#8243; position_vertical=\u00bbmiddle\u00bb gutter_size=\u00bb3&#8243; expand_height=\u00bbyes\u00bb overlay_alpha=\u00bb50&#8243; shift_x=\u00bb0&#8243; shift_y=\u00bb0&#8243; shift_y_down=\u00bb0&#8243; z_index=\u00bb0&#8243; medium_width=\u00bb0&#8243; mobile_width=\u00bb0&#8243; width=\u00bb1\/1&#8243; uncode_shortcode_id=\u00bb680331&#8243;][vc_icon icon=\u00bbfa fa-users2&#8243; size=\u00bbfa-5x\u00bb heading_semantic=\u00bbh1&#8243; text_size=\u00bbfontsize-155944&#8243; text_weight=\u00bb600&#8243; uncode_shortcode_id=\u00bb170770&#8243; title=\u00bbEquipos corporativos\u00bb][\/vc_icon][vc_empty_space empty_h=\u00bb2&#8243;][vc_column_text text_lead=\u00bbyes\u00bb uncode_shortcode_id=\u00bb319179&#8243;]<\/p>\n<h3>Vamos a ti.<\/h3>\n<p>Nuestra experiencia de formaci\u00f3n de Equipos Corporativos llave en mano se encarga de la log\u00edstica, el equipamiento y la administraci\u00f3n necesarios para formar a tu equipo, todo ello con la flexibilidad que mejor se adapte a tu horario y a la distribuci\u00f3n geogr\u00e1fica de tu personal.[\/vc_column_text][vc_empty_space empty_h=\u00bb2&#8243;][vc_button button_color=\u00bbcolor-151788&#8243; border_width=\u00bb0&#8243; button_color_type=\u00bbuncode-palette\u00bb uncode_shortcode_id=\u00bb334758&#8243;]Solicitar ahora[\/vc_button][\/vc_column_inner][\/vc_row_inner][\/vc_column][\/vc_row][vc_row][vc_column][vc_column_text]<\/p>\n<p>[\/vc_column_text][\/vc_column][\/vc_row]<\/p>\n<\/div>","protected":false},"excerpt":{"rendered":"<p>[vc_row row_height_percent=\u00bb0&#8243; override_padding=\u00bbyes\u00bb h_padding=\u00bb2&#8243; top_padding=\u00bb3&#8243; bottom_padding=\u00bb3&#8243; back_color=\u00bbcolor-105898&#8243; back_image=\u00bb97923&#8243; back_position=\u00bbcenter top\u00bb overlay_alpha=\u00bb50&#8243; overlay_animated=\u00bbyes\u00bb gutter_size=\u00bb3&#8243; column_width_percent=\u00bb100&#8243; shift_y=\u00bb0&#8243; z_index=\u00bb0&#8243; top_divider=\u00bbgradient\u00bb bottom_divider=\u00bbstep_3_4&#8243; content_parallax=\u00bb0&#8243; uncode_shortcode_id=\u00bb718163&#8243; [&hellip;]<\/p>\n","protected":false},"author":1,"featured_media":0,"parent":0,"menu_order":0,"comment_status":"closed","ping_status":"closed","template":"","meta":{"footnotes":""},"class_list":["post-148573","page","type-page","status-publish","hentry"],"yoast_head":"<!-- This site is optimized with the Yoast SEO Premium plugin v26.7 (Yoast SEO v26.7) - https:\/\/yoast.com\/wordpress\/plugins\/seo\/ -->\n<title>Opciones de entrega -<\/title>\n<meta name=\"description\" content=\"Opciones de formaci\u00f3n flexibles que se adaptan a tu apretada agenda\" \/>\n<meta name=\"robots\" content=\"index, follow, max-snippet:-1, max-image-preview:large, max-video-preview:-1\" \/>\n<link rel=\"canonical\" href=\"https:\/\/www.capil.org\/es\/opciones-de-entrega\/\" \/>\n<meta property=\"og:locale\" content=\"es_ES\" \/>\n<meta property=\"og:type\" content=\"article\" \/>\n<meta property=\"og:title\" content=\"Opciones de entrega\" \/>\n<meta property=\"og:description\" content=\"Opciones de formaci\u00f3n flexibles que se adaptan a tu apretada agenda\" \/>\n<meta property=\"og:url\" content=\"https:\/\/www.capil.org\/es\/opciones-de-entrega\/\" \/>\n<meta property=\"og:site_name\" content=\"CApIL\u00ae\" \/>\n<meta property=\"article:modified_time\" content=\"2025-10-01T19:41:21+00:00\" \/>\n<meta name=\"twitter:card\" content=\"summary_large_image\" \/>\n<meta name=\"twitter:site\" content=\"@InnoSurvey\" \/>\n<meta name=\"twitter:label1\" content=\"Tiempo de lectura\" \/>\n\t<meta name=\"twitter:data1\" content=\"3 minutos\" \/>\n<script type=\"application\/ld+json\" class=\"yoast-schema-graph\">{\"@context\":\"https:\/\/schema.org\",\"@graph\":[{\"@type\":\"WebPage\",\"@id\":\"https:\/\/www.capil.org\/es\/opciones-de-entrega\/\",\"url\":\"https:\/\/www.capil.org\/es\/opciones-de-entrega\/\",\"name\":\"Opciones de entrega -\",\"isPartOf\":{\"@id\":\"https:\/\/www.capil.org\/es\/#website\"},\"datePublished\":\"2024-09-28T22:38:55+00:00\",\"dateModified\":\"2025-10-01T19:41:21+00:00\",\"description\":\"Opciones de formaci\u00f3n flexibles que se adaptan a tu apretada agenda\",\"breadcrumb\":{\"@id\":\"https:\/\/www.capil.org\/es\/opciones-de-entrega\/#breadcrumb\"},\"inLanguage\":\"es\",\"potentialAction\":[{\"@type\":\"ReadAction\",\"target\":[\"https:\/\/www.capil.org\/es\/opciones-de-entrega\/\"]}]},{\"@type\":\"BreadcrumbList\",\"@id\":\"https:\/\/www.capil.org\/es\/opciones-de-entrega\/#breadcrumb\",\"itemListElement\":[{\"@type\":\"ListItem\",\"position\":1,\"name\":\"Home\",\"item\":\"https:\/\/www.capil.org\/es\/pagina-inicial\/\"},{\"@type\":\"ListItem\",\"position\":2,\"name\":\"Opciones de entrega\"}]},{\"@type\":\"WebSite\",\"@id\":\"https:\/\/www.capil.org\/es\/#website\",\"url\":\"https:\/\/www.capil.org\/es\/\",\"name\":\"CApIL\u00ae Certified Applied Innovation Leader\",\"description\":\"Certified Applied Innovation Leader\",\"publisher\":{\"@id\":\"https:\/\/www.capil.org\/es\/#organization\"},\"potentialAction\":[{\"@type\":\"SearchAction\",\"target\":{\"@type\":\"EntryPoint\",\"urlTemplate\":\"https:\/\/www.capil.org\/es\/?s={search_term_string}\"},\"query-input\":{\"@type\":\"PropertyValueSpecification\",\"valueRequired\":true,\"valueName\":\"search_term_string\"}}],\"inLanguage\":\"es\"},{\"@type\":\"Organization\",\"@id\":\"https:\/\/www.capil.org\/es\/#organization\",\"name\":\"Innovation360 Group\",\"url\":\"https:\/\/www.capil.org\/es\/\",\"logo\":{\"@type\":\"ImageObject\",\"inLanguage\":\"es\",\"@id\":\"https:\/\/www.capil.org\/es\/#\/schema\/logo\/image\/\",\"url\":\"https:\/\/www.capil.org\/wp-content\/uploads\/2024\/09\/cropped-cropped-fav.png\",\"contentUrl\":\"https:\/\/www.capil.org\/wp-content\/uploads\/2024\/09\/cropped-cropped-fav.png\",\"width\":512,\"height\":512,\"caption\":\"Innovation360 Group\"},\"image\":{\"@id\":\"https:\/\/www.capil.org\/es\/#\/schema\/logo\/image\/\"},\"sameAs\":[\"https:\/\/x.com\/InnoSurvey\",\"https:\/\/www.linkedin.com\/company\/innovation-360-group-ab\/\",\"https:\/\/www.youtube.com\/channel\/UCrtsXECpDbVHWJ3SR6n8MOg\"]}]}<\/script>\n<!-- \/ Yoast SEO Premium plugin. -->","yoast_head_json":{"title":"Opciones de entrega -","description":"Opciones de formaci\u00f3n flexibles que se adaptan a tu apretada agenda","robots":{"index":"index","follow":"follow","max-snippet":"max-snippet:-1","max-image-preview":"max-image-preview:large","max-video-preview":"max-video-preview:-1"},"canonical":"https:\/\/www.capil.org\/es\/opciones-de-entrega\/","og_locale":"es_ES","og_type":"article","og_title":"Opciones de entrega","og_description":"Opciones de formaci\u00f3n flexibles que se adaptan a tu apretada agenda","og_url":"https:\/\/www.capil.org\/es\/opciones-de-entrega\/","og_site_name":"CApIL\u00ae","article_modified_time":"2025-10-01T19:41:21+00:00","twitter_card":"summary_large_image","twitter_site":"@InnoSurvey","twitter_misc":{"Tiempo de lectura":"3 minutos"},"schema":{"@context":"https:\/\/schema.org","@graph":[{"@type":"WebPage","@id":"https:\/\/www.capil.org\/es\/opciones-de-entrega\/","url":"https:\/\/www.capil.org\/es\/opciones-de-entrega\/","name":"Opciones de entrega -","isPartOf":{"@id":"https:\/\/www.capil.org\/es\/#website"},"datePublished":"2024-09-28T22:38:55+00:00","dateModified":"2025-10-01T19:41:21+00:00","description":"Opciones de formaci\u00f3n flexibles que se adaptan a tu apretada agenda","breadcrumb":{"@id":"https:\/\/www.capil.org\/es\/opciones-de-entrega\/#breadcrumb"},"inLanguage":"es","potentialAction":[{"@type":"ReadAction","target":["https:\/\/www.capil.org\/es\/opciones-de-entrega\/"]}]},{"@type":"BreadcrumbList","@id":"https:\/\/www.capil.org\/es\/opciones-de-entrega\/#breadcrumb","itemListElement":[{"@type":"ListItem","position":1,"name":"Home","item":"https:\/\/www.capil.org\/es\/pagina-inicial\/"},{"@type":"ListItem","position":2,"name":"Opciones de entrega"}]},{"@type":"WebSite","@id":"https:\/\/www.capil.org\/es\/#website","url":"https:\/\/www.capil.org\/es\/","name":"CApIL\u00ae Certified Applied Innovation Leader","description":"Certified Applied Innovation Leader","publisher":{"@id":"https:\/\/www.capil.org\/es\/#organization"},"potentialAction":[{"@type":"SearchAction","target":{"@type":"EntryPoint","urlTemplate":"https:\/\/www.capil.org\/es\/?s={search_term_string}"},"query-input":{"@type":"PropertyValueSpecification","valueRequired":true,"valueName":"search_term_string"}}],"inLanguage":"es"},{"@type":"Organization","@id":"https:\/\/www.capil.org\/es\/#organization","name":"Innovation360 Group","url":"https:\/\/www.capil.org\/es\/","logo":{"@type":"ImageObject","inLanguage":"es","@id":"https:\/\/www.capil.org\/es\/#\/schema\/logo\/image\/","url":"https:\/\/www.capil.org\/wp-content\/uploads\/2024\/09\/cropped-cropped-fav.png","contentUrl":"https:\/\/www.capil.org\/wp-content\/uploads\/2024\/09\/cropped-cropped-fav.png","width":512,"height":512,"caption":"Innovation360 Group"},"image":{"@id":"https:\/\/www.capil.org\/es\/#\/schema\/logo\/image\/"},"sameAs":["https:\/\/x.com\/InnoSurvey","https:\/\/www.linkedin.com\/company\/innovation-360-group-ab\/","https:\/\/www.youtube.com\/channel\/UCrtsXECpDbVHWJ3SR6n8MOg"]}]}},"_links":{"self":[{"href":"https:\/\/www.capil.org\/es\/wp-json\/wp\/v2\/pages\/148573","targetHints":{"allow":["GET"]}}],"collection":[{"href":"https:\/\/www.capil.org\/es\/wp-json\/wp\/v2\/pages"}],"about":[{"href":"https:\/\/www.capil.org\/es\/wp-json\/wp\/v2\/types\/page"}],"author":[{"embeddable":true,"href":"https:\/\/www.capil.org\/es\/wp-json\/wp\/v2\/users\/1"}],"replies":[{"embeddable":true,"href":"https:\/\/www.capil.org\/es\/wp-json\/wp\/v2\/comments?post=148573"}],"version-history":[{"count":12,"href":"https:\/\/www.capil.org\/es\/wp-json\/wp\/v2\/pages\/148573\/revisions"}],"predecessor-version":[{"id":149698,"href":"https:\/\/www.capil.org\/es\/wp-json\/wp\/v2\/pages\/148573\/revisions\/149698"}],"wp:attachment":[{"href":"https:\/\/www.capil.org\/es\/wp-json\/wp\/v2\/media?parent=148573"}],"curies":[{"name":"wp","href":"https:\/\/api.w.org\/{rel}","templated":true}]}}