{"id":148190,"date":"2024-10-10T17:55:27","date_gmt":"2024-10-10T17:55:27","guid":{"rendered":"https:\/\/www.capil.org\/contacto\/"},"modified":"2025-10-04T19:31:37","modified_gmt":"2025-10-04T19:31:37","slug":"contacto","status":"publish","type":"page","link":"https:\/\/www.capil.org\/pt-pt\/contacto\/","title":{"rendered":"Contacto"},"content":{"rendered":"<div class=\"wpb-content-wrapper\"><p>[vc_row row_height_percent=&#8221;0&#8243; override_padding=&#8221;yes&#8221; h_padding=&#8221;2&#8243; top_padding=&#8221;3&#8243; bottom_padding=&#8221;3&#8243; back_color=&#8221;color-105898&#8243; back_image=&#8221;97923&#8243; back_position=&#8221;center top&#8221; overlay_alpha=&#8221;50&#8243; overlay_animated=&#8221;yes&#8221; gutter_size=&#8221;2&#8243; column_width_percent=&#8221;100&#8243; shift_y=&#8221;0&#8243; z_index=&#8221;0&#8243; top_divider=&#8221;gradient&#8221; bottom_divider=&#8221;step_3_4&#8243; content_parallax=&#8221;0&#8243; uncode_shortcode_id=&#8221;154609&#8243; back_color_type=&#8221;uncode-palette&#8221; overlay_animated_1_color_type=&#8221;uncode-solid&#8221; overlay_animated_1_color_solid=&#8221;#0c0e99&#8243; overlay_animated_2_color_type=&#8221;uncode-solid&#8221; overlay_animated_2_color_solid=&#8221;#79e0f2&#8243;][vc_column column_width_percent=&#8221;100&#8243; position_vertical=&#8221;middle&#8221; gutter_size=&#8221;3&#8243; style=&#8221;dark&#8221; overlay_alpha=&#8221;50&#8243; shift_x=&#8221;0&#8243; shift_y=&#8221;0&#8243; shift_y_down=&#8221;0&#8243; z_index=&#8221;0&#8243; medium_width=&#8221;0&#8243; mobile_width=&#8221;0&#8243; width=&#8221;1\/1&#8243; uncode_shortcode_id=&#8221;157820&#8243;][vc_row_inner limit_content=&#8221;&#8221;][vc_column_inner column_width_percent=&#8221;100&#8243; position_vertical=&#8221;middle&#8221; gutter_size=&#8221;2&#8243; style=&#8221;dark&#8221; overlay_alpha=&#8221;50&#8243; shift_x=&#8221;0&#8243; shift_y=&#8221;0&#8243; shift_y_down=&#8221;0&#8243; z_index=&#8221;0&#8243; medium_width=&#8221;0&#8243; mobile_width=&#8221;0&#8243; width=&#8221;1\/1&#8243; uncode_shortcode_id=&#8221;210621&#8243;][vc_custom_heading heading_semantic=&#8221;h3&#8243; text_font=&#8221;font-955596&#8243; text_size=&#8221;h1&#8243; uncode_shortcode_id=&#8221;696439&#8243;]Contacto[\/vc_custom_heading][vc_empty_space empty_h=&#8221;1&#8243;][\/vc_column_inner][\/vc_row_inner][\/vc_column][\/vc_row][vc_row][vc_column width=&#8221;1\/1&#8243;][vc_column_text text_lead=&#8221;yes&#8221; uncode_shortcode_id=&#8221;185004&#8243;]Por favor, deixe-nos saber se voc\u00ea tem uma d\u00favida, quer deixar um coment\u00e1rio, ou gostaria de mais informa\u00e7\u00f5es sobre CApIL\u00ae Certified Applied Innovation Leader, reservar uma Master Class ou o que saber mais sobre Innovation360.[\/vc_column_text][vc_raw_html]W3dwZm9ybXMgaWQ9IjE0NTY3MyIgdGl0bGU9ImZhbHNlIl0=[\/vc_raw_html][\/vc_column][\/vc_row][vc_row row_height_percent=&#8221;0&#8243; override_padding=&#8221;yes&#8221; h_padding=&#8221;2&#8243; top_padding=&#8221;3&#8243; bottom_padding=&#8221;3&#8243; back_color=&#8221;color-prif&#8221; back_image=&#8221;97923&#8243; back_position=&#8221;center top&#8221; overlay_alpha=&#8221;50&#8243; overlay_animated=&#8221;yes&#8221; gutter_size=&#8221;2&#8243; column_width_percent=&#8221;100&#8243; shift_y=&#8221;0&#8243; z_index=&#8221;0&#8243; top_divider=&#8221;gradient&#8221; bottom_divider=&#8221;step_3_4&#8243; content_parallax=&#8221;0&#8243; uncode_shortcode_id=&#8221;376293&#8243; back_color_type=&#8221;uncode-palette&#8221; overlay_animated_1_color_type=&#8221;uncode-solid&#8221; overlay_animated_1_color_solid=&#8221;#3f3f3f&#8221; overlay_animated_2_color_type=&#8221;uncode-solid&#8221; overlay_animated_2_color_solid=&#8221;#b5b5b5&#8243;][vc_column column_width_percent=&#8221;100&#8243; position_vertical=&#8221;middle&#8221; gutter_size=&#8221;3&#8243; style=&#8221;dark&#8221; overlay_alpha=&#8221;50&#8243; shift_x=&#8221;0&#8243; shift_y=&#8221;0&#8243; shift_y_down=&#8221;0&#8243; z_index=&#8221;0&#8243; medium_width=&#8221;0&#8243; mobile_width=&#8221;0&#8243; width=&#8221;1\/1&#8243; uncode_shortcode_id=&#8221;157820&#8243;][vc_row_inner row_inner_height_percent=&#8221;0&#8243; overlay_alpha=&#8221;50&#8243; gutter_size=&#8221;2&#8243; shift_y=&#8221;0&#8243; z_index=&#8221;0&#8243; uncode_shortcode_id=&#8221;180429&#8243;][vc_column_inner column_width_percent=&#8221;100&#8243; gutter_size=&#8221;3&#8243; style=&#8221;dark&#8221; overlay_alpha=&#8221;50&#8243; shift_x=&#8221;0&#8243; shift_y=&#8221;0&#8243; shift_y_down=&#8221;0&#8243; z_index=&#8221;0&#8243; medium_width=&#8221;0&#8243; mobile_width=&#8221;0&#8243; width=&#8221;1\/4&#8243; uncode_shortcode_id=&#8221;103504&#8243;][vc_column_text text_lead=&#8221;small&#8221; uncode_shortcode_id=&#8221;125930&#8243;]<strong>SU\u00c9CIA<\/strong><\/p>\n<p>Innovation 360 group<br \/>\nOlof palmes gata 11<br \/>\n111 37 Stockholm, Sweden[\/vc_column_text][\/vc_column_inner][vc_column_inner column_width_percent=&#8221;100&#8243; gutter_size=&#8221;3&#8243; style=&#8221;dark&#8221; overlay_alpha=&#8221;50&#8243; shift_x=&#8221;0&#8243; shift_y=&#8221;0&#8243; shift_y_down=&#8221;0&#8243; z_index=&#8221;0&#8243; medium_width=&#8221;0&#8243; mobile_width=&#8221;0&#8243; width=&#8221;1\/4&#8243; uncode_shortcode_id=&#8221;144153&#8243;][vc_column_text text_lead=&#8221;small&#8221; uncode_shortcode_id=&#8221;808558&#8243;]<strong>ESTADOS UNIDOS<\/strong><\/p>\n<p>Innovation 360 Group Inc.,<br \/>\n900 Third Avenue, 29th Floor,<br \/>\nNew York, NY 10022, EUA[\/vc_column_text][\/vc_column_inner][vc_column_inner column_width_percent=&#8221;100&#8243; gutter_size=&#8221;3&#8243; style=&#8221;dark&#8221; overlay_alpha=&#8221;50&#8243; shift_x=&#8221;0&#8243; shift_y=&#8221;0&#8243; shift_y_down=&#8221;0&#8243; z_index=&#8221;0&#8243; medium_width=&#8221;0&#8243; mobile_width=&#8221;0&#8243; width=&#8221;1\/4&#8243; uncode_shortcode_id=&#8221;777199&#8243;][vc_column_text text_lead=&#8221;small&#8221; uncode_shortcode_id=&#8221;115611&#8243;]<strong>ESPANHA<\/strong><\/p>\n<p>Calle Hermosilla 48, 1 Dcha<br \/>\n28001- Madrid,<br \/>\nMadrid, Espanha[\/vc_column_text][\/vc_column_inner][vc_column_inner column_width_percent=&#8221;100&#8243; gutter_size=&#8221;3&#8243; style=&#8221;dark&#8221; overlay_alpha=&#8221;50&#8243; shift_x=&#8221;0&#8243; shift_y=&#8221;0&#8243; shift_y_down=&#8221;0&#8243; z_index=&#8221;0&#8243; medium_width=&#8221;0&#8243; mobile_width=&#8221;0&#8243; width=&#8221;1\/4&#8243; uncode_shortcode_id=&#8221;250138&#8243;][vc_column_text text_lead=&#8221;small&#8221; uncode_shortcode_id=&#8221;427278&#8243;]<strong>CANAD\u00c1<\/strong><\/p>\n<p>1963 Highway 331,<br \/>\nWest LaHave, NS<br \/>\nCanada B0R 1G0[\/vc_column_text][\/vc_column_inner][\/vc_row_inner][\/vc_column][\/vc_row]<\/p>\n<\/div>","protected":false},"excerpt":{"rendered":"<p>[vc_row row_height_percent=&#8221;0&#8243; override_padding=&#8221;yes&#8221; h_padding=&#8221;2&#8243; top_padding=&#8221;3&#8243; bottom_padding=&#8221;3&#8243; back_color=&#8221;color-105898&#8243; back_image=&#8221;97923&#8243; back_position=&#8221;center top&#8221; overlay_alpha=&#8221;50&#8243; overlay_animated=&#8221;yes&#8221; gutter_size=&#8221;2&#8243; column_width_percent=&#8221;100&#8243; shift_y=&#8221;0&#8243; z_index=&#8221;0&#8243; top_divider=&#8221;gradient&#8221; bottom_divider=&#8221;step_3_4&#8243; content_parallax=&#8221;0&#8243; uncode_shortcode_id=&#8221;154609&#8243; [&hellip;]<\/p>\n","protected":false},"author":1,"featured_media":0,"parent":0,"menu_order":0,"comment_status":"closed","ping_status":"closed","template":"","meta":{"footnotes":""},"class_list":["post-148190","page","type-page","status-publish","hentry"],"yoast_head":"<!-- This site is optimized with the Yoast SEO Premium plugin v26.7 (Yoast SEO v26.7) - https:\/\/yoast.com\/wordpress\/plugins\/seo\/ -->\n<title>Contacto - CApIL\u00ae<\/title>\n<meta name=\"robots\" content=\"index, follow, max-snippet:-1, max-image-preview:large, max-video-preview:-1\" \/>\n<link rel=\"canonical\" href=\"https:\/\/www.capil.org\/pt-pt\/contacto\/\" \/>\n<meta property=\"og:locale\" content=\"pt_PT\" \/>\n<meta property=\"og:type\" content=\"article\" \/>\n<meta property=\"og:title\" content=\"Contacto\" \/>\n<meta property=\"og:description\" content=\"[vc_row row_height_percent=&#8221;0&#8243; override_padding=&#8221;yes&#8221; h_padding=&#8221;2&#8243; top_padding=&#8221;3&#8243; bottom_padding=&#8221;3&#8243; back_color=&#8221;color-105898&#8243; back_image=&#8221;97923&#8243; back_position=&#8221;center top&#8221; overlay_alpha=&#8221;50&#8243; overlay_animated=&#8221;yes&#8221; gutter_size=&#8221;2&#8243; column_width_percent=&#8221;100&#8243; shift_y=&#8221;0&#8243; z_index=&#8221;0&#8243; top_divider=&#8221;gradient&#8221; bottom_divider=&#8221;step_3_4&#8243; content_parallax=&#8221;0&#8243; uncode_shortcode_id=&#8221;154609&#8243; [&hellip;]\" \/>\n<meta property=\"og:url\" content=\"https:\/\/www.capil.org\/pt-pt\/contacto\/\" \/>\n<meta property=\"og:site_name\" content=\"CApIL\u00ae\" \/>\n<meta property=\"article:modified_time\" content=\"2025-10-04T19:31:37+00:00\" \/>\n<meta name=\"twitter:card\" content=\"summary_large_image\" \/>\n<meta name=\"twitter:site\" content=\"@InnoSurvey\" \/>\n<meta name=\"twitter:label1\" content=\"Tempo estimado de leitura\" \/>\n\t<meta name=\"twitter:data1\" content=\"3 minutos\" \/>\n<script type=\"application\/ld+json\" class=\"yoast-schema-graph\">{\"@context\":\"https:\/\/schema.org\",\"@graph\":[{\"@type\":\"WebPage\",\"@id\":\"https:\/\/www.capil.org\/pt-pt\/contacto\/\",\"url\":\"https:\/\/www.capil.org\/pt-pt\/contacto\/\",\"name\":\"Contacto - CApIL\u00ae\",\"isPartOf\":{\"@id\":\"https:\/\/www.capil.org\/pt-pt\/#website\"},\"datePublished\":\"2024-10-10T17:55:27+00:00\",\"dateModified\":\"2025-10-04T19:31:37+00:00\",\"breadcrumb\":{\"@id\":\"https:\/\/www.capil.org\/pt-pt\/contacto\/#breadcrumb\"},\"inLanguage\":\"pt-PT\",\"potentialAction\":[{\"@type\":\"ReadAction\",\"target\":[\"https:\/\/www.capil.org\/pt-pt\/contacto\/\"]}]},{\"@type\":\"BreadcrumbList\",\"@id\":\"https:\/\/www.capil.org\/pt-pt\/contacto\/#breadcrumb\",\"itemListElement\":[{\"@type\":\"ListItem\",\"position\":1,\"name\":\"Home\",\"item\":\"https:\/\/www.capil.org\/pt-pt\/pagina-inicial\/\"},{\"@type\":\"ListItem\",\"position\":2,\"name\":\"Contacto\"}]},{\"@type\":\"WebSite\",\"@id\":\"https:\/\/www.capil.org\/pt-pt\/#website\",\"url\":\"https:\/\/www.capil.org\/pt-pt\/\",\"name\":\"CApIL\u00ae Certified Applied Innovation Leader\",\"description\":\"Certified Applied Innovation Leader\",\"publisher\":{\"@id\":\"https:\/\/www.capil.org\/pt-pt\/#organization\"},\"potentialAction\":[{\"@type\":\"SearchAction\",\"target\":{\"@type\":\"EntryPoint\",\"urlTemplate\":\"https:\/\/www.capil.org\/pt-pt\/?s={search_term_string}\"},\"query-input\":{\"@type\":\"PropertyValueSpecification\",\"valueRequired\":true,\"valueName\":\"search_term_string\"}}],\"inLanguage\":\"pt-PT\"},{\"@type\":\"Organization\",\"@id\":\"https:\/\/www.capil.org\/pt-pt\/#organization\",\"name\":\"Innovation360 Group\",\"url\":\"https:\/\/www.capil.org\/pt-pt\/\",\"logo\":{\"@type\":\"ImageObject\",\"inLanguage\":\"pt-PT\",\"@id\":\"https:\/\/www.capil.org\/pt-pt\/#\/schema\/logo\/image\/\",\"url\":\"https:\/\/www.capil.org\/wp-content\/uploads\/2024\/09\/cropped-cropped-fav.png\",\"contentUrl\":\"https:\/\/www.capil.org\/wp-content\/uploads\/2024\/09\/cropped-cropped-fav.png\",\"width\":512,\"height\":512,\"caption\":\"Innovation360 Group\"},\"image\":{\"@id\":\"https:\/\/www.capil.org\/pt-pt\/#\/schema\/logo\/image\/\"},\"sameAs\":[\"https:\/\/x.com\/InnoSurvey\",\"https:\/\/www.linkedin.com\/company\/innovation-360-group-ab\/\",\"https:\/\/www.youtube.com\/channel\/UCrtsXECpDbVHWJ3SR6n8MOg\"]}]}<\/script>\n<!-- \/ Yoast SEO Premium plugin. -->","yoast_head_json":{"title":"Contacto - CApIL\u00ae","robots":{"index":"index","follow":"follow","max-snippet":"max-snippet:-1","max-image-preview":"max-image-preview:large","max-video-preview":"max-video-preview:-1"},"canonical":"https:\/\/www.capil.org\/pt-pt\/contacto\/","og_locale":"pt_PT","og_type":"article","og_title":"Contacto","og_description":"[vc_row row_height_percent=&#8221;0&#8243; override_padding=&#8221;yes&#8221; h_padding=&#8221;2&#8243; top_padding=&#8221;3&#8243; bottom_padding=&#8221;3&#8243; back_color=&#8221;color-105898&#8243; back_image=&#8221;97923&#8243; back_position=&#8221;center top&#8221; overlay_alpha=&#8221;50&#8243; overlay_animated=&#8221;yes&#8221; gutter_size=&#8221;2&#8243; column_width_percent=&#8221;100&#8243; shift_y=&#8221;0&#8243; z_index=&#8221;0&#8243; top_divider=&#8221;gradient&#8221; bottom_divider=&#8221;step_3_4&#8243; content_parallax=&#8221;0&#8243; uncode_shortcode_id=&#8221;154609&#8243; [&hellip;]","og_url":"https:\/\/www.capil.org\/pt-pt\/contacto\/","og_site_name":"CApIL\u00ae","article_modified_time":"2025-10-04T19:31:37+00:00","twitter_card":"summary_large_image","twitter_site":"@InnoSurvey","twitter_misc":{"Tempo estimado de leitura":"3 minutos"},"schema":{"@context":"https:\/\/schema.org","@graph":[{"@type":"WebPage","@id":"https:\/\/www.capil.org\/pt-pt\/contacto\/","url":"https:\/\/www.capil.org\/pt-pt\/contacto\/","name":"Contacto - CApIL\u00ae","isPartOf":{"@id":"https:\/\/www.capil.org\/pt-pt\/#website"},"datePublished":"2024-10-10T17:55:27+00:00","dateModified":"2025-10-04T19:31:37+00:00","breadcrumb":{"@id":"https:\/\/www.capil.org\/pt-pt\/contacto\/#breadcrumb"},"inLanguage":"pt-PT","potentialAction":[{"@type":"ReadAction","target":["https:\/\/www.capil.org\/pt-pt\/contacto\/"]}]},{"@type":"BreadcrumbList","@id":"https:\/\/www.capil.org\/pt-pt\/contacto\/#breadcrumb","itemListElement":[{"@type":"ListItem","position":1,"name":"Home","item":"https:\/\/www.capil.org\/pt-pt\/pagina-inicial\/"},{"@type":"ListItem","position":2,"name":"Contacto"}]},{"@type":"WebSite","@id":"https:\/\/www.capil.org\/pt-pt\/#website","url":"https:\/\/www.capil.org\/pt-pt\/","name":"CApIL\u00ae Certified Applied Innovation Leader","description":"Certified Applied Innovation Leader","publisher":{"@id":"https:\/\/www.capil.org\/pt-pt\/#organization"},"potentialAction":[{"@type":"SearchAction","target":{"@type":"EntryPoint","urlTemplate":"https:\/\/www.capil.org\/pt-pt\/?s={search_term_string}"},"query-input":{"@type":"PropertyValueSpecification","valueRequired":true,"valueName":"search_term_string"}}],"inLanguage":"pt-PT"},{"@type":"Organization","@id":"https:\/\/www.capil.org\/pt-pt\/#organization","name":"Innovation360 Group","url":"https:\/\/www.capil.org\/pt-pt\/","logo":{"@type":"ImageObject","inLanguage":"pt-PT","@id":"https:\/\/www.capil.org\/pt-pt\/#\/schema\/logo\/image\/","url":"https:\/\/www.capil.org\/wp-content\/uploads\/2024\/09\/cropped-cropped-fav.png","contentUrl":"https:\/\/www.capil.org\/wp-content\/uploads\/2024\/09\/cropped-cropped-fav.png","width":512,"height":512,"caption":"Innovation360 Group"},"image":{"@id":"https:\/\/www.capil.org\/pt-pt\/#\/schema\/logo\/image\/"},"sameAs":["https:\/\/x.com\/InnoSurvey","https:\/\/www.linkedin.com\/company\/innovation-360-group-ab\/","https:\/\/www.youtube.com\/channel\/UCrtsXECpDbVHWJ3SR6n8MOg"]}]}},"_links":{"self":[{"href":"https:\/\/www.capil.org\/pt-pt\/wp-json\/wp\/v2\/pages\/148190","targetHints":{"allow":["GET"]}}],"collection":[{"href":"https:\/\/www.capil.org\/pt-pt\/wp-json\/wp\/v2\/pages"}],"about":[{"href":"https:\/\/www.capil.org\/pt-pt\/wp-json\/wp\/v2\/types\/page"}],"author":[{"embeddable":true,"href":"https:\/\/www.capil.org\/pt-pt\/wp-json\/wp\/v2\/users\/1"}],"replies":[{"embeddable":true,"href":"https:\/\/www.capil.org\/pt-pt\/wp-json\/wp\/v2\/comments?post=148190"}],"version-history":[{"count":3,"href":"https:\/\/www.capil.org\/pt-pt\/wp-json\/wp\/v2\/pages\/148190\/revisions"}],"predecessor-version":[{"id":149784,"href":"https:\/\/www.capil.org\/pt-pt\/wp-json\/wp\/v2\/pages\/148190\/revisions\/149784"}],"wp:attachment":[{"href":"https:\/\/www.capil.org\/pt-pt\/wp-json\/wp\/v2\/media?parent=148190"}],"curies":[{"name":"wp","href":"https:\/\/api.w.org\/{rel}","templated":true}]}}