{"id":148420,"date":"2024-09-29T12:38:23","date_gmt":"2024-09-29T12:38:23","guid":{"rendered":"https:\/\/www.capil.org\/recursos\/"},"modified":"2025-03-11T15:57:30","modified_gmt":"2025-03-11T15:57:30","slug":"recursos","status":"publish","type":"page","link":"https:\/\/www.capil.org\/pt-pt\/recursos\/","title":{"rendered":"Recursos"},"content":{"rendered":"<div class=\"wpb-content-wrapper\"><p>[vc_row row_height_percent=&#8221;0&#8243; override_padding=&#8221;yes&#8221; h_padding=&#8221;2&#8243; top_padding=&#8221;3&#8243; bottom_padding=&#8221;3&#8243; back_color=&#8221;color-105898&#8243; back_image=&#8221;97923&#8243; back_position=&#8221;center top&#8221; overlay_alpha=&#8221;50&#8243; overlay_animated=&#8221;yes&#8221; gutter_size=&#8221;2&#8243; column_width_percent=&#8221;100&#8243; shift_y=&#8221;0&#8243; z_index=&#8221;0&#8243; top_divider=&#8221;gradient&#8221; bottom_divider=&#8221;step_3_4&#8243; content_parallax=&#8221;0&#8243; uncode_shortcode_id=&#8221;154609&#8243; back_color_type=&#8221;uncode-palette&#8221; overlay_animated_1_color_type=&#8221;uncode-solid&#8221; overlay_animated_1_color_solid=&#8221;#0c0e99&#8243; overlay_animated_2_color_type=&#8221;uncode-solid&#8221; overlay_animated_2_color_solid=&#8221;#79e0f2&#8243;][vc_column column_width_percent=&#8221;100&#8243; position_vertical=&#8221;middle&#8221; gutter_size=&#8221;3&#8243; style=&#8221;dark&#8221; overlay_alpha=&#8221;50&#8243; shift_x=&#8221;0&#8243; shift_y=&#8221;0&#8243; shift_y_down=&#8221;0&#8243; z_index=&#8221;0&#8243; medium_width=&#8221;0&#8243; mobile_width=&#8221;0&#8243; width=&#8221;1\/1&#8243; uncode_shortcode_id=&#8221;157820&#8243;][vc_row_inner limit_content=&#8221;&#8221;][vc_column_inner column_width_percent=&#8221;100&#8243; position_vertical=&#8221;middle&#8221; gutter_size=&#8221;2&#8243; style=&#8221;dark&#8221; overlay_alpha=&#8221;50&#8243; shift_x=&#8221;0&#8243; shift_y=&#8221;0&#8243; shift_y_down=&#8221;0&#8243; z_index=&#8221;0&#8243; medium_width=&#8221;0&#8243; mobile_width=&#8221;0&#8243; width=&#8221;1\/1&#8243; uncode_shortcode_id=&#8221;210621&#8243;][vc_custom_heading heading_semantic=&#8221;h3&#8243; text_font=&#8221;font-955596&#8243; text_size=&#8221;h1&#8243; uncode_shortcode_id=&#8221;120778&#8243;]Recursos[\/vc_custom_heading][vc_empty_space empty_h=&#8221;1&#8243;][\/vc_column_inner][\/vc_row_inner][\/vc_column][\/vc_row][vc_row row_height_percent=&#8221;0&#8243; override_padding=&#8221;yes&#8221; h_padding=&#8221;2&#8243; top_padding=&#8221;2&#8243; bottom_padding=&#8221;0&#8243; overlay_alpha=&#8221;50&#8243; equal_height=&#8221;yes&#8221; gutter_size=&#8221;3&#8243; column_width_percent=&#8221;100&#8243; shift_y=&#8221;0&#8243; z_index=&#8221;0&#8243; content_parallax=&#8221;0&#8243; uncode_shortcode_id=&#8221;191313&#8243;][vc_column width=&#8221;1\/1&#8243;][vc_row_inner row_inner_height_percent=&#8221;80&#8243; overlay_alpha=&#8221;50&#8243; equal_height=&#8221;yes&#8221; gutter_size=&#8221;0&#8243; shift_y=&#8221;0&#8243; z_index=&#8221;0&#8243; limit_content=&#8221;&#8221; uncode_shortcode_id=&#8221;194006&#8243;][vc_column_inner column_width_percent=&#8221;100&#8243; gutter_size=&#8221;3&#8243; override_padding=&#8221;yes&#8221; column_padding=&#8221;2&#8243; expand_height=&#8221;yes&#8221; back_color=&#8221;color-xsdn&#8221; overlay_alpha=&#8221;50&#8243; radius=&#8221;sm&#8221; shift_x=&#8221;0&#8243; shift_y=&#8221;0&#8243; shift_y_down=&#8221;0&#8243; z_index=&#8221;0&#8243; medium_width=&#8221;0&#8243; mobile_width=&#8221;0&#8243; width=&#8221;1\/3&#8243; uncode_shortcode_id=&#8221;174300&#8243; back_color_type=&#8221;uncode-palette&#8221;][vc_icon icon=&#8221;fa fa-chat&#8221; icon_color=&#8221;accent&#8221; size=&#8221;fa-4x&#8221; heading_semantic=&#8221;h2&#8243; text_font=&#8221;font-846016&#8243; text_size=&#8221;h2&#8243; text_weight=&#8221;700&#8243; linked_title=&#8221;yes&#8221; text_lead=&#8221;yes&#8221; uncode_shortcode_id=&#8221;349116&#8243; icon_color_type=&#8221;uncode-palette&#8221; title=&#8221;Escolha do Diretor Executivo&#8221; link=&#8221;url:https%3A%2F%2Finnovation360.com%2Fresources%2Fceos-choice%2F|target:_blank|&#8221;]O nosso diretor executivo Magnus Penker apresenta as suas pe\u00e7as favoritas para aprofundar a inova\u00e7\u00e3o.[\/vc_icon][vc_empty_space empty_h=&#8221;4&#8243;][vc_button button_color=&#8221;accent&#8221; radius=&#8221;btn-square&#8221; hover_fx=&#8221;full-colored&#8221; custom_typo=&#8221;yes&#8221; font_family=&#8221;font-846016&#8243; font_weight=&#8221;600&#8243; border_width=&#8221;0&#8243; icon_position=&#8221;right&#8221; scale_mobile=&#8221;no&#8221; link=&#8221;url:https%3A%2F%2Finnovation360.com%2Fresources%2Fceos-choice%2F|target:_blank|&#8221; icon=&#8221;fa fa-arrow-right2&#8243; button_color_type=&#8221;uncode-palette&#8221; uncode_shortcode_id=&#8221;203912&#8243;]L\u00ea mais[\/vc_button][\/vc_column_inner][vc_column_inner column_width_percent=&#8221;100&#8243; gutter_size=&#8221;3&#8243; override_padding=&#8221;yes&#8221; column_padding=&#8221;2&#8243; expand_height=&#8221;yes&#8221; back_color=&#8221;color-lxmt&#8221; overlay_alpha=&#8221;50&#8243; radius=&#8221;sm&#8221; shift_x=&#8221;0&#8243; shift_y=&#8221;0&#8243; shift_y_down=&#8221;0&#8243; z_index=&#8221;0&#8243; medium_width=&#8221;0&#8243; mobile_width=&#8221;0&#8243; width=&#8221;1\/3&#8243; uncode_shortcode_id=&#8221;194621&#8243; back_color_type=&#8221;uncode-palette&#8221;][vc_icon icon=&#8221;fa fa-clock3&#8243; icon_color=&#8221;accent&#8221; size=&#8221;fa-4x&#8221; heading_semantic=&#8221;h2&#8243; text_font=&#8221;font-846016&#8243; text_size=&#8221;h2&#8243; text_weight=&#8221;700&#8243; linked_title=&#8221;yes&#8221; text_lead=&#8221;yes&#8221; uncode_shortcode_id=&#8221;541742&#8243; icon_color_type=&#8221;uncode-palette&#8221; title=&#8221;60 Minutos Gest\u00e3o da Inova\u00e7\u00e3o&#8221; link=&#8221;url:https%3A%2F%2Finnovation360.com%2Fresources%2F60-minutes-innovation-management%2F|target:_blank|&#8221;]O nosso diretor executivo Magnus Penker apresenta as suas pe\u00e7as favoritas para aprofundar a inova\u00e7\u00e3o.[\/vc_icon][vc_button button_color=&#8221;accent&#8221; radius=&#8221;btn-square&#8221; hover_fx=&#8221;full-colored&#8221; custom_typo=&#8221;yes&#8221; font_family=&#8221;font-846016&#8243; font_weight=&#8221;600&#8243; border_width=&#8221;0&#8243; icon_position=&#8221;right&#8221; scale_mobile=&#8221;no&#8221; link=&#8221;url:https%3A%2F%2Finnovation360.com%2Fresources%2F60-minutes-innovation-management%2F|target:_blank|&#8221; icon=&#8221;fa fa-arrow-right2&#8243; button_color_type=&#8221;uncode-palette&#8221; uncode_shortcode_id=&#8221;113956&#8243;]L\u00ea mais[\/vc_button][\/vc_column_inner][vc_column_inner column_width_percent=&#8221;100&#8243; gutter_size=&#8221;3&#8243; override_padding=&#8221;yes&#8221; column_padding=&#8221;2&#8243; expand_height=&#8221;yes&#8221; back_color=&#8221;color-xsdn&#8221; overlay_alpha=&#8221;50&#8243; radius=&#8221;sm&#8221; shift_x=&#8221;0&#8243; shift_y=&#8221;0&#8243; shift_y_down=&#8221;0&#8243; z_index=&#8221;0&#8243; medium_width=&#8221;0&#8243; mobile_width=&#8221;0&#8243; width=&#8221;1\/3&#8243; uncode_shortcode_id=&#8221;171337&#8243; back_color_type=&#8221;uncode-palette&#8221;][vc_icon icon=&#8221;fa fa-newspaper&#8221; icon_color=&#8221;accent&#8221; size=&#8221;fa-4x&#8221; heading_semantic=&#8221;h2&#8243; text_font=&#8221;font-846016&#8243; text_size=&#8221;h2&#8243; text_weight=&#8221;700&#8243; linked_title=&#8221;yes&#8221; text_lead=&#8221;yes&#8221; uncode_shortcode_id=&#8221;172883&#8243; icon_color_type=&#8221;uncode-palette&#8221; title=&#8221;Comunicados de imprensa&#8221; link=&#8221;url:https%3A%2F%2Finnovation360.com%2Fresources%2Fpress-releases%2F|target:_blank|&#8221;]O nosso diretor executivo Magnus Penker apresenta as suas pe\u00e7as favoritas para aprofundar a inova\u00e7\u00e3o.[\/vc_icon][vc_empty_space empty_h=&#8221;4&#8243;][vc_button button_color=&#8221;accent&#8221; radius=&#8221;btn-square&#8221; hover_fx=&#8221;full-colored&#8221; custom_typo=&#8221;yes&#8221; font_family=&#8221;font-846016&#8243; font_weight=&#8221;600&#8243; border_width=&#8221;0&#8243; icon_position=&#8221;right&#8221; scale_mobile=&#8221;no&#8221; link=&#8221;url:https%3A%2F%2Finnovation360.com%2Fresources%2Fpress-releases%2F|target:_blank|&#8221; icon=&#8221;fa fa-arrow-right2&#8243; button_color_type=&#8221;uncode-palette&#8221; uncode_shortcode_id=&#8221;366653&#8243;]L\u00ea mais[\/vc_button][\/vc_column_inner][\/vc_row_inner][\/vc_column][\/vc_row][vc_row row_height_percent=&#8221;0&#8243; override_padding=&#8221;yes&#8221; h_padding=&#8221;2&#8243; top_padding=&#8221;0&#8243; bottom_padding=&#8221;2&#8243; overlay_alpha=&#8221;50&#8243; equal_height=&#8221;yes&#8221; gutter_size=&#8221;3&#8243; column_width_percent=&#8221;100&#8243; shift_y=&#8221;0&#8243; z_index=&#8221;0&#8243; content_parallax=&#8221;0&#8243; uncode_shortcode_id=&#8221;155945&#8243;][vc_column width=&#8221;1\/1&#8243;][vc_row_inner row_inner_height_percent=&#8221;80&#8243; overlay_alpha=&#8221;50&#8243; equal_height=&#8221;yes&#8221; gutter_size=&#8221;0&#8243; shift_y=&#8221;0&#8243; z_index=&#8221;0&#8243; limit_content=&#8221;&#8221; uncode_shortcode_id=&#8221;726169&#8243;][vc_column_inner column_width_percent=&#8221;100&#8243; gutter_size=&#8221;3&#8243; override_padding=&#8221;yes&#8221; column_padding=&#8221;2&#8243; expand_height=&#8221;yes&#8221; back_color=&#8221;color-gyho&#8221; overlay_alpha=&#8221;50&#8243; radius=&#8221;sm&#8221; shift_x=&#8221;0&#8243; shift_y=&#8221;0&#8243; shift_y_down=&#8221;0&#8243; z_index=&#8221;0&#8243; medium_width=&#8221;0&#8243; mobile_width=&#8221;0&#8243; width=&#8221;1\/3&#8243; uncode_shortcode_id=&#8221;559342&#8243; back_color_type=&#8221;uncode-palette&#8221;][vc_icon icon=&#8221;fa fa-screen&#8221; icon_color=&#8221;accent&#8221; size=&#8221;fa-4x&#8221; heading_semantic=&#8221;h2&#8243; text_font=&#8221;font-846016&#8243; text_size=&#8221;h2&#8243; text_weight=&#8221;700&#8243; linked_title=&#8221;yes&#8221; text_lead=&#8221;yes&#8221; uncode_shortcode_id=&#8221;151135&#8243; icon_color_type=&#8221;uncode-palette&#8221; title=&#8221;Lideran\u00e7a de pensamento&#8221; link=&#8221;url:https%3A%2F%2Finnovation360.com%2Fthought-leadership%2F|target:_blank|&#8221;]A Innovation 360 lidera o campo das implica\u00e7\u00f5es empresariais do que \u00e9 radicalmente novo. O nosso InnoSurvey\u00ae \u00e9 uma ferramenta anal\u00edtica l\u00edder e utilizada globalmente, complementada por um conjunto completo de m\u00e9todos e ferramentas para a gest\u00e3o da inova\u00e7\u00e3o de ponta a ponta.[\/vc_icon][vc_button button_color=&#8221;accent&#8221; radius=&#8221;btn-square&#8221; hover_fx=&#8221;full-colored&#8221; custom_typo=&#8221;yes&#8221; font_family=&#8221;font-846016&#8243; font_weight=&#8221;600&#8243; border_width=&#8221;0&#8243; icon_position=&#8221;right&#8221; scale_mobile=&#8221;no&#8221; link=&#8221;url:https%3A%2F%2Finnovation360.com%2Fthought-leadership%2F|target:_blank|&#8221; icon=&#8221;fa fa-arrow-right2&#8243; button_color_type=&#8221;uncode-palette&#8221; uncode_shortcode_id=&#8221;318335&#8243;]L\u00ea mais[\/vc_button][\/vc_column_inner][vc_column_inner column_width_percent=&#8221;100&#8243; gutter_size=&#8221;3&#8243; override_padding=&#8221;yes&#8221; column_padding=&#8221;2&#8243; expand_height=&#8221;yes&#8221; back_color=&#8221;color-xsdn&#8221; overlay_alpha=&#8221;50&#8243; radius=&#8221;sm&#8221; shift_x=&#8221;0&#8243; shift_y=&#8221;0&#8243; shift_y_down=&#8221;0&#8243; z_index=&#8221;0&#8243; medium_width=&#8221;0&#8243; mobile_width=&#8221;0&#8243; width=&#8221;1\/3&#8243; uncode_shortcode_id=&#8221;162836&#8243; back_color_type=&#8221;uncode-palette&#8221;][vc_icon icon=&#8221;fa fa-book-open&#8221; icon_color=&#8221;accent&#8221; size=&#8221;fa-4x&#8221; heading_semantic=&#8221;h2&#8243; text_font=&#8221;font-846016&#8243; text_size=&#8221;h2&#8243; text_weight=&#8221;700&#8243; linked_title=&#8221;yes&#8221; text_lead=&#8221;yes&#8221; uncode_shortcode_id=&#8221;207833&#8243; icon_color_type=&#8221;uncode-palette&#8221; title=&#8221;Livros&#8221; link=&#8221;url:https%3A%2F%2Finnovation360.com%2Fresources%2Fbooks%2F|target:_blank|&#8221;]Aqui encontras os nossos livros publicados em ingl\u00eas e noutras l\u00ednguas.[\/vc_icon][vc_empty_space empty_h=&#8221;5&#8243;][vc_button button_color=&#8221;accent&#8221; radius=&#8221;btn-square&#8221; hover_fx=&#8221;full-colored&#8221; custom_typo=&#8221;yes&#8221; font_family=&#8221;font-846016&#8243; font_weight=&#8221;600&#8243; border_width=&#8221;0&#8243; icon_position=&#8221;right&#8221; scale_mobile=&#8221;no&#8221; link=&#8221;url:https%3A%2F%2Finnovation360.com%2Fresources%2Fbooks%2F|target:_blank|&#8221; icon=&#8221;fa fa-arrow-right2&#8243; button_color_type=&#8221;uncode-palette&#8221; uncode_shortcode_id=&#8221;117497&#8243;]L\u00ea mais[\/vc_button][\/vc_column_inner][vc_column_inner column_width_percent=&#8221;100&#8243; gutter_size=&#8221;3&#8243; override_padding=&#8221;yes&#8221; column_padding=&#8221;2&#8243; expand_height=&#8221;yes&#8221; back_color=&#8221;color-gyho&#8221; overlay_alpha=&#8221;50&#8243; radius=&#8221;sm&#8221; shift_x=&#8221;0&#8243; shift_y=&#8221;0&#8243; shift_y_down=&#8221;0&#8243; z_index=&#8221;0&#8243; medium_width=&#8221;0&#8243; mobile_width=&#8221;0&#8243; width=&#8221;1\/3&#8243; uncode_shortcode_id=&#8221;156838&#8243; back_color_type=&#8221;uncode-palette&#8221;][vc_icon icon=&#8221;fa fa-bargraph&#8221; icon_color=&#8221;accent&#8221; size=&#8221;fa-4x&#8221; heading_semantic=&#8221;h2&#8243; text_font=&#8221;font-846016&#8243; text_size=&#8221;h2&#8243; text_weight=&#8221;700&#8243; linked_title=&#8221;yes&#8221; text_lead=&#8221;yes&#8221; uncode_shortcode_id=&#8221;303273&#8243; icon_color_type=&#8221;uncode-palette&#8221; title=&#8221;My360&#8243; link=&#8221;url:https%3A%2F%2Fmy360.global%2F|target:_blank|&#8221;]My360.global, o teu destino final para cursos online e ferramentas profissionais. Explora o nosso portal, repleto de uma vasta gama de cursos online interessantes para melhorares os teus conhecimentos e compet\u00eancias.[\/vc_icon][vc_empty_space empty_h=&#8221;3&#8243;][vc_button button_color=&#8221;accent&#8221; radius=&#8221;btn-square&#8221; hover_fx=&#8221;full-colored&#8221; custom_typo=&#8221;yes&#8221; font_family=&#8221;font-846016&#8243; font_weight=&#8221;600&#8243; border_width=&#8221;0&#8243; icon_position=&#8221;right&#8221; scale_mobile=&#8221;no&#8221; link=&#8221;url:https%3A%2F%2Fmy360.global%2F|target:_blank|&#8221; icon=&#8221;fa fa-arrow-right2&#8243; button_color_type=&#8221;uncode-palette&#8221; uncode_shortcode_id=&#8221;465651&#8243;]L\u00ea mais[\/vc_button][\/vc_column_inner][\/vc_row_inner][\/vc_column][\/vc_row]<\/p>\n<\/div>","protected":false},"excerpt":{"rendered":"<p>[vc_row row_height_percent=&#8221;0&#8243; override_padding=&#8221;yes&#8221; h_padding=&#8221;2&#8243; top_padding=&#8221;3&#8243; bottom_padding=&#8221;3&#8243; back_color=&#8221;color-105898&#8243; back_image=&#8221;97923&#8243; back_position=&#8221;center top&#8221; overlay_alpha=&#8221;50&#8243; overlay_animated=&#8221;yes&#8221; gutter_size=&#8221;2&#8243; column_width_percent=&#8221;100&#8243; shift_y=&#8221;0&#8243; z_index=&#8221;0&#8243; top_divider=&#8221;gradient&#8221; bottom_divider=&#8221;step_3_4&#8243; content_parallax=&#8221;0&#8243; uncode_shortcode_id=&#8221;154609&#8243; [&hellip;]<\/p>\n","protected":false},"author":1,"featured_media":0,"parent":0,"menu_order":0,"comment_status":"closed","ping_status":"closed","template":"","meta":{"footnotes":""},"class_list":["post-148420","page","type-page","status-publish","hentry"],"yoast_head":"<!-- This site is optimized with the Yoast SEO Premium plugin v26.7 (Yoast SEO v26.7) - https:\/\/yoast.com\/wordpress\/plugins\/seo\/ -->\n<title>Recursos - CApIL\u00ae<\/title>\n<meta name=\"robots\" content=\"index, follow, max-snippet:-1, max-image-preview:large, max-video-preview:-1\" \/>\n<link rel=\"canonical\" href=\"https:\/\/www.capil.org\/pt-pt\/recursos\/\" \/>\n<meta property=\"og:locale\" content=\"pt_PT\" \/>\n<meta property=\"og:type\" content=\"article\" \/>\n<meta property=\"og:title\" content=\"Recursos\" \/>\n<meta property=\"og:description\" content=\"[vc_row row_height_percent=&#8221;0&#8243; override_padding=&#8221;yes&#8221; h_padding=&#8221;2&#8243; top_padding=&#8221;3&#8243; bottom_padding=&#8221;3&#8243; back_color=&#8221;color-105898&#8243; back_image=&#8221;97923&#8243; back_position=&#8221;center top&#8221; overlay_alpha=&#8221;50&#8243; overlay_animated=&#8221;yes&#8221; gutter_size=&#8221;2&#8243; column_width_percent=&#8221;100&#8243; shift_y=&#8221;0&#8243; z_index=&#8221;0&#8243; top_divider=&#8221;gradient&#8221; bottom_divider=&#8221;step_3_4&#8243; content_parallax=&#8221;0&#8243; uncode_shortcode_id=&#8221;154609&#8243; [&hellip;]\" \/>\n<meta property=\"og:url\" content=\"https:\/\/www.capil.org\/pt-pt\/recursos\/\" \/>\n<meta property=\"og:site_name\" content=\"CApIL\u00ae\" \/>\n<meta property=\"article:modified_time\" content=\"2025-03-11T15:57:30+00:00\" \/>\n<meta name=\"twitter:card\" content=\"summary_large_image\" \/>\n<meta name=\"twitter:site\" content=\"@InnoSurvey\" \/>\n<meta name=\"twitter:label1\" content=\"Tempo estimado de leitura\" \/>\n\t<meta name=\"twitter:data1\" content=\"7 minutos\" \/>\n<script type=\"application\/ld+json\" class=\"yoast-schema-graph\">{\"@context\":\"https:\/\/schema.org\",\"@graph\":[{\"@type\":\"WebPage\",\"@id\":\"https:\/\/www.capil.org\/pt-pt\/recursos\/\",\"url\":\"https:\/\/www.capil.org\/pt-pt\/recursos\/\",\"name\":\"Recursos - CApIL\u00ae\",\"isPartOf\":{\"@id\":\"https:\/\/www.capil.org\/pt-pt\/#website\"},\"datePublished\":\"2024-09-29T12:38:23+00:00\",\"dateModified\":\"2025-03-11T15:57:30+00:00\",\"breadcrumb\":{\"@id\":\"https:\/\/www.capil.org\/pt-pt\/recursos\/#breadcrumb\"},\"inLanguage\":\"pt-PT\",\"potentialAction\":[{\"@type\":\"ReadAction\",\"target\":[\"https:\/\/www.capil.org\/pt-pt\/recursos\/\"]}]},{\"@type\":\"BreadcrumbList\",\"@id\":\"https:\/\/www.capil.org\/pt-pt\/recursos\/#breadcrumb\",\"itemListElement\":[{\"@type\":\"ListItem\",\"position\":1,\"name\":\"Home\",\"item\":\"https:\/\/www.capil.org\/pt-pt\/pagina-inicial\/\"},{\"@type\":\"ListItem\",\"position\":2,\"name\":\"Recursos\"}]},{\"@type\":\"WebSite\",\"@id\":\"https:\/\/www.capil.org\/pt-pt\/#website\",\"url\":\"https:\/\/www.capil.org\/pt-pt\/\",\"name\":\"CApIL\u00ae Certified Applied Innovation Leader\",\"description\":\"Certified Applied Innovation Leader\",\"publisher\":{\"@id\":\"https:\/\/www.capil.org\/pt-pt\/#organization\"},\"potentialAction\":[{\"@type\":\"SearchAction\",\"target\":{\"@type\":\"EntryPoint\",\"urlTemplate\":\"https:\/\/www.capil.org\/pt-pt\/?s={search_term_string}\"},\"query-input\":{\"@type\":\"PropertyValueSpecification\",\"valueRequired\":true,\"valueName\":\"search_term_string\"}}],\"inLanguage\":\"pt-PT\"},{\"@type\":\"Organization\",\"@id\":\"https:\/\/www.capil.org\/pt-pt\/#organization\",\"name\":\"Innovation360 Group\",\"url\":\"https:\/\/www.capil.org\/pt-pt\/\",\"logo\":{\"@type\":\"ImageObject\",\"inLanguage\":\"pt-PT\",\"@id\":\"https:\/\/www.capil.org\/pt-pt\/#\/schema\/logo\/image\/\",\"url\":\"https:\/\/www.capil.org\/wp-content\/uploads\/2024\/09\/cropped-cropped-fav.png\",\"contentUrl\":\"https:\/\/www.capil.org\/wp-content\/uploads\/2024\/09\/cropped-cropped-fav.png\",\"width\":512,\"height\":512,\"caption\":\"Innovation360 Group\"},\"image\":{\"@id\":\"https:\/\/www.capil.org\/pt-pt\/#\/schema\/logo\/image\/\"},\"sameAs\":[\"https:\/\/x.com\/InnoSurvey\",\"https:\/\/www.linkedin.com\/company\/innovation-360-group-ab\/\",\"https:\/\/www.youtube.com\/channel\/UCrtsXECpDbVHWJ3SR6n8MOg\"]}]}<\/script>\n<!-- \/ Yoast SEO Premium plugin. -->","yoast_head_json":{"title":"Recursos - CApIL\u00ae","robots":{"index":"index","follow":"follow","max-snippet":"max-snippet:-1","max-image-preview":"max-image-preview:large","max-video-preview":"max-video-preview:-1"},"canonical":"https:\/\/www.capil.org\/pt-pt\/recursos\/","og_locale":"pt_PT","og_type":"article","og_title":"Recursos","og_description":"[vc_row row_height_percent=&#8221;0&#8243; override_padding=&#8221;yes&#8221; h_padding=&#8221;2&#8243; top_padding=&#8221;3&#8243; bottom_padding=&#8221;3&#8243; back_color=&#8221;color-105898&#8243; back_image=&#8221;97923&#8243; back_position=&#8221;center top&#8221; overlay_alpha=&#8221;50&#8243; overlay_animated=&#8221;yes&#8221; gutter_size=&#8221;2&#8243; column_width_percent=&#8221;100&#8243; shift_y=&#8221;0&#8243; z_index=&#8221;0&#8243; top_divider=&#8221;gradient&#8221; bottom_divider=&#8221;step_3_4&#8243; content_parallax=&#8221;0&#8243; uncode_shortcode_id=&#8221;154609&#8243; [&hellip;]","og_url":"https:\/\/www.capil.org\/pt-pt\/recursos\/","og_site_name":"CApIL\u00ae","article_modified_time":"2025-03-11T15:57:30+00:00","twitter_card":"summary_large_image","twitter_site":"@InnoSurvey","twitter_misc":{"Tempo estimado de leitura":"7 minutos"},"schema":{"@context":"https:\/\/schema.org","@graph":[{"@type":"WebPage","@id":"https:\/\/www.capil.org\/pt-pt\/recursos\/","url":"https:\/\/www.capil.org\/pt-pt\/recursos\/","name":"Recursos - CApIL\u00ae","isPartOf":{"@id":"https:\/\/www.capil.org\/pt-pt\/#website"},"datePublished":"2024-09-29T12:38:23+00:00","dateModified":"2025-03-11T15:57:30+00:00","breadcrumb":{"@id":"https:\/\/www.capil.org\/pt-pt\/recursos\/#breadcrumb"},"inLanguage":"pt-PT","potentialAction":[{"@type":"ReadAction","target":["https:\/\/www.capil.org\/pt-pt\/recursos\/"]}]},{"@type":"BreadcrumbList","@id":"https:\/\/www.capil.org\/pt-pt\/recursos\/#breadcrumb","itemListElement":[{"@type":"ListItem","position":1,"name":"Home","item":"https:\/\/www.capil.org\/pt-pt\/pagina-inicial\/"},{"@type":"ListItem","position":2,"name":"Recursos"}]},{"@type":"WebSite","@id":"https:\/\/www.capil.org\/pt-pt\/#website","url":"https:\/\/www.capil.org\/pt-pt\/","name":"CApIL\u00ae Certified Applied Innovation Leader","description":"Certified Applied Innovation Leader","publisher":{"@id":"https:\/\/www.capil.org\/pt-pt\/#organization"},"potentialAction":[{"@type":"SearchAction","target":{"@type":"EntryPoint","urlTemplate":"https:\/\/www.capil.org\/pt-pt\/?s={search_term_string}"},"query-input":{"@type":"PropertyValueSpecification","valueRequired":true,"valueName":"search_term_string"}}],"inLanguage":"pt-PT"},{"@type":"Organization","@id":"https:\/\/www.capil.org\/pt-pt\/#organization","name":"Innovation360 Group","url":"https:\/\/www.capil.org\/pt-pt\/","logo":{"@type":"ImageObject","inLanguage":"pt-PT","@id":"https:\/\/www.capil.org\/pt-pt\/#\/schema\/logo\/image\/","url":"https:\/\/www.capil.org\/wp-content\/uploads\/2024\/09\/cropped-cropped-fav.png","contentUrl":"https:\/\/www.capil.org\/wp-content\/uploads\/2024\/09\/cropped-cropped-fav.png","width":512,"height":512,"caption":"Innovation360 Group"},"image":{"@id":"https:\/\/www.capil.org\/pt-pt\/#\/schema\/logo\/image\/"},"sameAs":["https:\/\/x.com\/InnoSurvey","https:\/\/www.linkedin.com\/company\/innovation-360-group-ab\/","https:\/\/www.youtube.com\/channel\/UCrtsXECpDbVHWJ3SR6n8MOg"]}]}},"_links":{"self":[{"href":"https:\/\/www.capil.org\/pt-pt\/wp-json\/wp\/v2\/pages\/148420","targetHints":{"allow":["GET"]}}],"collection":[{"href":"https:\/\/www.capil.org\/pt-pt\/wp-json\/wp\/v2\/pages"}],"about":[{"href":"https:\/\/www.capil.org\/pt-pt\/wp-json\/wp\/v2\/types\/page"}],"author":[{"embeddable":true,"href":"https:\/\/www.capil.org\/pt-pt\/wp-json\/wp\/v2\/users\/1"}],"replies":[{"embeddable":true,"href":"https:\/\/www.capil.org\/pt-pt\/wp-json\/wp\/v2\/comments?post=148420"}],"version-history":[{"count":1,"href":"https:\/\/www.capil.org\/pt-pt\/wp-json\/wp\/v2\/pages\/148420\/revisions"}],"predecessor-version":[{"id":148429,"href":"https:\/\/www.capil.org\/pt-pt\/wp-json\/wp\/v2\/pages\/148420\/revisions\/148429"}],"wp:attachment":[{"href":"https:\/\/www.capil.org\/pt-pt\/wp-json\/wp\/v2\/media?parent=148420"}],"curies":[{"name":"wp","href":"https:\/\/api.w.org\/{rel}","templated":true}]}}