{"id":148478,"date":"2024-09-29T09:58:50","date_gmt":"2024-09-29T09:58:50","guid":{"rendered":"https:\/\/www.capil.org\/candidata-te-agora\/"},"modified":"2025-10-01T19:41:21","modified_gmt":"2025-10-01T19:41:21","slug":"candidata-te-agora","status":"publish","type":"page","link":"https:\/\/www.capil.org\/pt-pt\/candidata-te-agora\/","title":{"rendered":"Pe\u00e7a um pre\u00e7o"},"content":{"rendered":"<div class=\"wpb-content-wrapper\"><p>[vc_row row_height_percent=&#8221;0&#8243; override_padding=&#8221;yes&#8221; h_padding=&#8221;2&#8243; top_padding=&#8221;3&#8243; bottom_padding=&#8221;3&#8243; back_color=&#8221;color-105898&#8243; back_image=&#8221;97923&#8243; back_position=&#8221;center top&#8221; overlay_alpha=&#8221;50&#8243; overlay_animated=&#8221;yes&#8221; gutter_size=&#8221;2&#8243; column_width_percent=&#8221;100&#8243; shift_y=&#8221;0&#8243; z_index=&#8221;0&#8243; top_divider=&#8221;gradient&#8221; bottom_divider=&#8221;step_3_4&#8243; content_parallax=&#8221;0&#8243; uncode_shortcode_id=&#8221;154609&#8243; back_color_type=&#8221;uncode-palette&#8221; overlay_animated_1_color_type=&#8221;uncode-solid&#8221; overlay_animated_1_color_solid=&#8221;#0c0e99&#8243; overlay_animated_2_color_type=&#8221;uncode-solid&#8221; overlay_animated_2_color_solid=&#8221;#79e0f2&#8243;][vc_column column_width_percent=&#8221;100&#8243; position_vertical=&#8221;middle&#8221; gutter_size=&#8221;3&#8243; style=&#8221;dark&#8221; overlay_alpha=&#8221;50&#8243; shift_x=&#8221;0&#8243; shift_y=&#8221;0&#8243; shift_y_down=&#8221;0&#8243; z_index=&#8221;0&#8243; medium_width=&#8221;0&#8243; mobile_width=&#8221;0&#8243; width=&#8221;1\/1&#8243; uncode_shortcode_id=&#8221;157820&#8243;][vc_row_inner limit_content=&#8221;&#8221;][vc_column_inner column_width_percent=&#8221;100&#8243; position_vertical=&#8221;middle&#8221; gutter_size=&#8221;2&#8243; style=&#8221;dark&#8221; overlay_alpha=&#8221;50&#8243; shift_x=&#8221;0&#8243; shift_y=&#8221;0&#8243; shift_y_down=&#8221;0&#8243; z_index=&#8221;0&#8243; medium_width=&#8221;0&#8243; mobile_width=&#8221;0&#8243; width=&#8221;1\/1&#8243; uncode_shortcode_id=&#8221;210621&#8243;][vc_custom_heading heading_semantic=&#8221;h3&#8243; text_font=&#8221;font-955596&#8243; text_size=&#8221;h1&#8243; uncode_shortcode_id=&#8221;550793&#8243;]Pe\u00e7a um pre\u00e7o[\/vc_custom_heading][vc_empty_space empty_h=&#8221;1&#8243;][\/vc_column_inner][\/vc_row_inner][\/vc_column][\/vc_row][vc_row][vc_column width=&#8221;1\/1&#8243;][vc_row_inner][vc_column_inner width=&#8221;2\/3&#8243;][vc_raw_html]W3dwZm9ybXMgaWQ9IjE0NTU1NCIgdGl0bGU9ImZhbHNlIl0=[\/vc_raw_html][\/vc_column_inner][vc_column_inner column_width_percent=&#8221;100&#8243; align_horizontal=&#8221;align_center&#8221; gutter_size=&#8221;3&#8243; back_color=&#8221;color-gyho&#8221; overlay_alpha=&#8221;50&#8243; shift_x=&#8221;0&#8243; shift_y=&#8221;0&#8243; shift_y_down=&#8221;0&#8243; z_index=&#8221;0&#8243; medium_width=&#8221;0&#8243; mobile_width=&#8221;0&#8243; width=&#8221;1\/3&#8243; uncode_shortcode_id=&#8221;141348&#8243; back_color_type=&#8221;uncode-palette&#8221;][vc_column_text text_lead=&#8221;yes&#8221; uncode_shortcode_id=&#8221;808655&#8243;]<\/p>\n<h3>Fusos hor\u00e1rios dispon\u00edveis\/ Online (2+2 dias)<\/h3>\n<p>&#8211; UE, hora CET<br \/>\n&#8211; Am\u00e9rica do Norte e do Sul, Hora EST<br \/>\n&#8211; \u00c1sia, SGT Time<br \/>\n\u2022 Hora Padr\u00e3o da Ar\u00e1bia Saudita, SAST<\/p>\n<p>[\/vc_column_text][vc_column_text uncode_shortcode_id=&#8221;842313&#8243;]<\/p>\n<h3 class=\"consulting-custom-title\">L\u00ea mais sobre as op\u00e7\u00f5es de entrega<\/h3>\n<p>[\/vc_column_text][vc_column_text text_lead=&#8221;yes&#8221; uncode_shortcode_id=&#8221;111573&#8243;]2+2 dias ou 6 meios dias[\/vc_column_text][vc_button button_color=&#8221;color-123381&#8243; border_width=&#8221;0&#8243; button_color_type=&#8221;uncode-palette&#8221; uncode_shortcode_id=&#8221;537077&#8243; link=&#8221;url:https%3A%2F%2Fwww.capil.org%2Fpt-pt%2Fopcoes-de-entrega%2F|&#8221;]Ao vivo \/ Online[\/vc_button][vc_empty_space empty_h=&#8221;1&#8243;][vc_button button_color=&#8221;color-123381&#8243; border_width=&#8221;0&#8243; button_color_type=&#8221;uncode-palette&#8221; uncode_shortcode_id=&#8221;102406&#8243; link=&#8221;url:https%3A%2F%2Fwww.capil.org%2Fpt-pt%2Fopcoes-de-entrega%2F|&#8221;]Equipas empresariais[\/vc_button][\/vc_column_inner][\/vc_row_inner][\/vc_column][\/vc_row][vc_row row_height_percent=&#8221;0&#8243; override_padding=&#8221;yes&#8221; h_padding=&#8221;2&#8243; top_padding=&#8221;3&#8243; bottom_padding=&#8221;3&#8243; back_color=&#8221;color-lxmt&#8221; overlay_alpha=&#8221;50&#8243; gutter_size=&#8221;3&#8243; column_width_percent=&#8221;100&#8243; shift_y=&#8221;0&#8243; z_index=&#8221;0&#8243; content_parallax=&#8221;0&#8243; uncode_shortcode_id=&#8221;149810&#8243; back_color_type=&#8221;uncode-palette&#8221;][vc_column width=&#8221;1\/1&#8243;][vc_row_inner][vc_column_inner width=&#8221;1\/2&#8243;][vc_column_text text_lead=&#8221;yes&#8221; uncode_shortcode_id=&#8221;255993&#8243;]Todos os formadores s\u00e3o especialistas de renome mundial que trabalham ou s\u00e3o parceiros do Innovation 360 Group. Tamb\u00e9m convidamos oradores como Magnus Penker, l\u00edder de pensamento de renome mundial e autor de Play Bold (com um pref\u00e1cio de Philip Kotler como um dos principais pensadores de marketing do mundo), Peet Van Biljon, ex-l\u00edder de pr\u00e1tica global da McKinsey &amp; Co, John Saiz ex-CTO do Centro Espacial Johnsson da NASA, Gerry Purcell MD na Innovation360 Canada com +10 anos como Diretor na BCG e Kearney.[\/vc_column_text][\/vc_column_inner][vc_column_inner width=&#8221;1\/2&#8243;][vc_column_text text_lead=&#8221;yes&#8221; uncode_shortcode_id=&#8221;543892&#8243;]Receber\u00e1s tamb\u00e9m uma avalia\u00e7\u00e3o de uma organiza\u00e7\u00e3o da tua escolha, utilizando a ferramenta de avalia\u00e7\u00e3o mais sofisticada do mundo para a Gest\u00e3o da Inova\u00e7\u00e3o &#8211; InnoSurvey\u00ae . Durante o programa de certifica\u00e7\u00e3o, ter\u00e1s acesso a v\u00e1rias ferramentas online de inova\u00e7\u00e3o e idea\u00e7\u00e3o de \u00faltima gera\u00e7\u00e3o. Este acesso estar\u00e1 dispon\u00edvel durante 90 dias ap\u00f3s a tua certifica\u00e7\u00e3o.[\/vc_column_text][\/vc_column_inner][\/vc_row_inner][\/vc_column][\/vc_row]<\/p>\n<\/div>","protected":false},"excerpt":{"rendered":"<p>[vc_row row_height_percent=&#8221;0&#8243; override_padding=&#8221;yes&#8221; h_padding=&#8221;2&#8243; top_padding=&#8221;3&#8243; bottom_padding=&#8221;3&#8243; back_color=&#8221;color-105898&#8243; back_image=&#8221;97923&#8243; back_position=&#8221;center top&#8221; overlay_alpha=&#8221;50&#8243; overlay_animated=&#8221;yes&#8221; gutter_size=&#8221;2&#8243; column_width_percent=&#8221;100&#8243; shift_y=&#8221;0&#8243; z_index=&#8221;0&#8243; top_divider=&#8221;gradient&#8221; bottom_divider=&#8221;step_3_4&#8243; content_parallax=&#8221;0&#8243; uncode_shortcode_id=&#8221;154609&#8243; [&hellip;]<\/p>\n","protected":false},"author":1,"featured_media":0,"parent":0,"menu_order":0,"comment_status":"closed","ping_status":"closed","template":"","meta":{"footnotes":""},"class_list":["post-148478","page","type-page","status-publish","hentry"],"yoast_head":"<!-- This site is optimized with the Yoast SEO Premium plugin v26.7 (Yoast SEO v26.7) - https:\/\/yoast.com\/wordpress\/plugins\/seo\/ -->\n<title>Pe\u00e7a um pre\u00e7o - CApIL\u00ae<\/title>\n<meta name=\"robots\" content=\"index, follow, max-snippet:-1, max-image-preview:large, max-video-preview:-1\" \/>\n<link rel=\"canonical\" href=\"https:\/\/www.capil.org\/pt-pt\/candidata-te-agora\/\" \/>\n<meta property=\"og:locale\" content=\"pt_PT\" \/>\n<meta property=\"og:type\" content=\"article\" \/>\n<meta property=\"og:title\" content=\"Pe\u00e7a um pre\u00e7o\" \/>\n<meta property=\"og:description\" content=\"[vc_row row_height_percent=&#8221;0&#8243; override_padding=&#8221;yes&#8221; h_padding=&#8221;2&#8243; top_padding=&#8221;3&#8243; bottom_padding=&#8221;3&#8243; back_color=&#8221;color-105898&#8243; back_image=&#8221;97923&#8243; back_position=&#8221;center top&#8221; overlay_alpha=&#8221;50&#8243; overlay_animated=&#8221;yes&#8221; gutter_size=&#8221;2&#8243; column_width_percent=&#8221;100&#8243; shift_y=&#8221;0&#8243; z_index=&#8221;0&#8243; top_divider=&#8221;gradient&#8221; bottom_divider=&#8221;step_3_4&#8243; content_parallax=&#8221;0&#8243; uncode_shortcode_id=&#8221;154609&#8243; [&hellip;]\" \/>\n<meta property=\"og:url\" content=\"https:\/\/www.capil.org\/pt-pt\/candidata-te-agora\/\" \/>\n<meta property=\"og:site_name\" content=\"CApIL\u00ae\" \/>\n<meta property=\"article:modified_time\" content=\"2025-10-01T19:41:21+00:00\" \/>\n<meta name=\"twitter:card\" content=\"summary_large_image\" \/>\n<meta name=\"twitter:site\" content=\"@InnoSurvey\" \/>\n<meta name=\"twitter:label1\" content=\"Tempo estimado de leitura\" \/>\n\t<meta name=\"twitter:data1\" content=\"3 minutos\" \/>\n<script type=\"application\/ld+json\" class=\"yoast-schema-graph\">{\"@context\":\"https:\/\/schema.org\",\"@graph\":[{\"@type\":\"WebPage\",\"@id\":\"https:\/\/www.capil.org\/pt-pt\/candidata-te-agora\/\",\"url\":\"https:\/\/www.capil.org\/pt-pt\/candidata-te-agora\/\",\"name\":\"Pe\u00e7a um pre\u00e7o - CApIL\u00ae\",\"isPartOf\":{\"@id\":\"https:\/\/www.capil.org\/pt-pt\/#website\"},\"datePublished\":\"2024-09-29T09:58:50+00:00\",\"dateModified\":\"2025-10-01T19:41:21+00:00\",\"breadcrumb\":{\"@id\":\"https:\/\/www.capil.org\/pt-pt\/candidata-te-agora\/#breadcrumb\"},\"inLanguage\":\"pt-PT\",\"potentialAction\":[{\"@type\":\"ReadAction\",\"target\":[\"https:\/\/www.capil.org\/pt-pt\/candidata-te-agora\/\"]}]},{\"@type\":\"BreadcrumbList\",\"@id\":\"https:\/\/www.capil.org\/pt-pt\/candidata-te-agora\/#breadcrumb\",\"itemListElement\":[{\"@type\":\"ListItem\",\"position\":1,\"name\":\"Home\",\"item\":\"https:\/\/www.capil.org\/pt-pt\/pagina-inicial\/\"},{\"@type\":\"ListItem\",\"position\":2,\"name\":\"Pe\u00e7a um pre\u00e7o\"}]},{\"@type\":\"WebSite\",\"@id\":\"https:\/\/www.capil.org\/pt-pt\/#website\",\"url\":\"https:\/\/www.capil.org\/pt-pt\/\",\"name\":\"CApIL\u00ae Certified Applied Innovation Leader\",\"description\":\"Certified Applied Innovation Leader\",\"publisher\":{\"@id\":\"https:\/\/www.capil.org\/pt-pt\/#organization\"},\"potentialAction\":[{\"@type\":\"SearchAction\",\"target\":{\"@type\":\"EntryPoint\",\"urlTemplate\":\"https:\/\/www.capil.org\/pt-pt\/?s={search_term_string}\"},\"query-input\":{\"@type\":\"PropertyValueSpecification\",\"valueRequired\":true,\"valueName\":\"search_term_string\"}}],\"inLanguage\":\"pt-PT\"},{\"@type\":\"Organization\",\"@id\":\"https:\/\/www.capil.org\/pt-pt\/#organization\",\"name\":\"Innovation360 Group\",\"url\":\"https:\/\/www.capil.org\/pt-pt\/\",\"logo\":{\"@type\":\"ImageObject\",\"inLanguage\":\"pt-PT\",\"@id\":\"https:\/\/www.capil.org\/pt-pt\/#\/schema\/logo\/image\/\",\"url\":\"https:\/\/www.capil.org\/wp-content\/uploads\/2024\/09\/cropped-cropped-fav.png\",\"contentUrl\":\"https:\/\/www.capil.org\/wp-content\/uploads\/2024\/09\/cropped-cropped-fav.png\",\"width\":512,\"height\":512,\"caption\":\"Innovation360 Group\"},\"image\":{\"@id\":\"https:\/\/www.capil.org\/pt-pt\/#\/schema\/logo\/image\/\"},\"sameAs\":[\"https:\/\/x.com\/InnoSurvey\",\"https:\/\/www.linkedin.com\/company\/innovation-360-group-ab\/\",\"https:\/\/www.youtube.com\/channel\/UCrtsXECpDbVHWJ3SR6n8MOg\"]}]}<\/script>\n<!-- \/ Yoast SEO Premium plugin. -->","yoast_head_json":{"title":"Pe\u00e7a um pre\u00e7o - CApIL\u00ae","robots":{"index":"index","follow":"follow","max-snippet":"max-snippet:-1","max-image-preview":"max-image-preview:large","max-video-preview":"max-video-preview:-1"},"canonical":"https:\/\/www.capil.org\/pt-pt\/candidata-te-agora\/","og_locale":"pt_PT","og_type":"article","og_title":"Pe\u00e7a um pre\u00e7o","og_description":"[vc_row row_height_percent=&#8221;0&#8243; override_padding=&#8221;yes&#8221; h_padding=&#8221;2&#8243; top_padding=&#8221;3&#8243; bottom_padding=&#8221;3&#8243; back_color=&#8221;color-105898&#8243; back_image=&#8221;97923&#8243; back_position=&#8221;center top&#8221; overlay_alpha=&#8221;50&#8243; overlay_animated=&#8221;yes&#8221; gutter_size=&#8221;2&#8243; column_width_percent=&#8221;100&#8243; shift_y=&#8221;0&#8243; z_index=&#8221;0&#8243; top_divider=&#8221;gradient&#8221; bottom_divider=&#8221;step_3_4&#8243; content_parallax=&#8221;0&#8243; uncode_shortcode_id=&#8221;154609&#8243; [&hellip;]","og_url":"https:\/\/www.capil.org\/pt-pt\/candidata-te-agora\/","og_site_name":"CApIL\u00ae","article_modified_time":"2025-10-01T19:41:21+00:00","twitter_card":"summary_large_image","twitter_site":"@InnoSurvey","twitter_misc":{"Tempo estimado de leitura":"3 minutos"},"schema":{"@context":"https:\/\/schema.org","@graph":[{"@type":"WebPage","@id":"https:\/\/www.capil.org\/pt-pt\/candidata-te-agora\/","url":"https:\/\/www.capil.org\/pt-pt\/candidata-te-agora\/","name":"Pe\u00e7a um pre\u00e7o - CApIL\u00ae","isPartOf":{"@id":"https:\/\/www.capil.org\/pt-pt\/#website"},"datePublished":"2024-09-29T09:58:50+00:00","dateModified":"2025-10-01T19:41:21+00:00","breadcrumb":{"@id":"https:\/\/www.capil.org\/pt-pt\/candidata-te-agora\/#breadcrumb"},"inLanguage":"pt-PT","potentialAction":[{"@type":"ReadAction","target":["https:\/\/www.capil.org\/pt-pt\/candidata-te-agora\/"]}]},{"@type":"BreadcrumbList","@id":"https:\/\/www.capil.org\/pt-pt\/candidata-te-agora\/#breadcrumb","itemListElement":[{"@type":"ListItem","position":1,"name":"Home","item":"https:\/\/www.capil.org\/pt-pt\/pagina-inicial\/"},{"@type":"ListItem","position":2,"name":"Pe\u00e7a um pre\u00e7o"}]},{"@type":"WebSite","@id":"https:\/\/www.capil.org\/pt-pt\/#website","url":"https:\/\/www.capil.org\/pt-pt\/","name":"CApIL\u00ae Certified Applied Innovation Leader","description":"Certified Applied Innovation Leader","publisher":{"@id":"https:\/\/www.capil.org\/pt-pt\/#organization"},"potentialAction":[{"@type":"SearchAction","target":{"@type":"EntryPoint","urlTemplate":"https:\/\/www.capil.org\/pt-pt\/?s={search_term_string}"},"query-input":{"@type":"PropertyValueSpecification","valueRequired":true,"valueName":"search_term_string"}}],"inLanguage":"pt-PT"},{"@type":"Organization","@id":"https:\/\/www.capil.org\/pt-pt\/#organization","name":"Innovation360 Group","url":"https:\/\/www.capil.org\/pt-pt\/","logo":{"@type":"ImageObject","inLanguage":"pt-PT","@id":"https:\/\/www.capil.org\/pt-pt\/#\/schema\/logo\/image\/","url":"https:\/\/www.capil.org\/wp-content\/uploads\/2024\/09\/cropped-cropped-fav.png","contentUrl":"https:\/\/www.capil.org\/wp-content\/uploads\/2024\/09\/cropped-cropped-fav.png","width":512,"height":512,"caption":"Innovation360 Group"},"image":{"@id":"https:\/\/www.capil.org\/pt-pt\/#\/schema\/logo\/image\/"},"sameAs":["https:\/\/x.com\/InnoSurvey","https:\/\/www.linkedin.com\/company\/innovation-360-group-ab\/","https:\/\/www.youtube.com\/channel\/UCrtsXECpDbVHWJ3SR6n8MOg"]}]}},"_links":{"self":[{"href":"https:\/\/www.capil.org\/pt-pt\/wp-json\/wp\/v2\/pages\/148478","targetHints":{"allow":["GET"]}}],"collection":[{"href":"https:\/\/www.capil.org\/pt-pt\/wp-json\/wp\/v2\/pages"}],"about":[{"href":"https:\/\/www.capil.org\/pt-pt\/wp-json\/wp\/v2\/types\/page"}],"author":[{"embeddable":true,"href":"https:\/\/www.capil.org\/pt-pt\/wp-json\/wp\/v2\/users\/1"}],"replies":[{"embeddable":true,"href":"https:\/\/www.capil.org\/pt-pt\/wp-json\/wp\/v2\/comments?post=148478"}],"version-history":[{"count":3,"href":"https:\/\/www.capil.org\/pt-pt\/wp-json\/wp\/v2\/pages\/148478\/revisions"}],"predecessor-version":[{"id":149683,"href":"https:\/\/www.capil.org\/pt-pt\/wp-json\/wp\/v2\/pages\/148478\/revisions\/149683"}],"wp:attachment":[{"href":"https:\/\/www.capil.org\/pt-pt\/wp-json\/wp\/v2\/media?parent=148478"}],"curies":[{"name":"wp","href":"https:\/\/api.w.org\/{rel}","templated":true}]}}